{"id":1504,"date":"2015-07-27T10:02:22","date_gmt":"2015-07-27T10:02:22","guid":{"rendered":"http:\/\/masterstudy.stylemixthemes.com\/demo\/?page_id=1504"},"modified":"2022-02-15T18:57:17","modified_gmt":"2022-02-15T18:57:17","slug":"cursos","status":"publish","type":"page","link":"https:\/\/www.colegioseducare.com.br\/v4\/cursos\/","title":{"rendered":"Cursos educare"},"content":{"rendered":"<p>[vc_row][vc_column width=&#8221;1\/2&#8243;][vc_column_text]<\/p>\n<blockquote><p>Compartilhe, espalhe e divida conhecimento. Afinal, conhecimento nunca \u00e9 demais!<\/p><\/blockquote>\n<p><strong>Objetivos Gerais<\/strong><\/p>\n<p>O Col\u00e9gio Educare tem por finalidade o desenvolvimento do educando, assegurando-lhe a forma\u00e7\u00e3o comum indispens\u00e1vel para o exerc\u00edcio da cidadania e fornecendo-lhe meios para progredir no trabalho e em estudos posteriores.<\/p>\n<p>O Col\u00e9gio Educare visa proporcionar \u00e0 crian\u00e7a e pr\u00e9-adolescente:<\/p>\n<ul>\n<li><strong><em>o saber sentir,<\/em><\/strong><\/li>\n<li><strong><em>o saber inovar,<\/em><\/strong><\/li>\n<li><strong><em>o saber refletir,<\/em><\/strong><\/li>\n<li><strong><em>o saber fazer,<\/em><\/strong><\/li>\n<li><strong><em>o saber ser cr\u00edtico,<\/em><\/strong><\/li>\n<li><strong><em>o saber ser \u00e9tico.<\/em><\/strong><\/li>\n<\/ul>\n<p>Como institui\u00e7\u00e3o social, possibilitamos ao aluno a aquisi\u00e7\u00e3o de uma consci\u00eancia cr\u00edtica que lhe amplie \u00e0 vis\u00e3o de mundo, oferecendo condi\u00e7\u00f5es de uma leitura interpretativa dos fatos sociais, das rela\u00e7\u00f5es intra e interpessoais e dos homens com a natureza.<\/p>\n<p>Leia mais informa\u00e7\u00f5es sobre a escola, nosso m\u00e9todo de ensino e como podemos contribuir para a forma\u00e7\u00e3o de seus filhos.<\/p>\n<p>Caso tenha alguma d\u00favida n\u00e3o deixe de nos contatar ou marcar uma visita na unidade para conhecer as instala\u00e7\u00f5es e sanar poss\u00edveis d\u00favidas.<\/p>\n<p>Fa\u00e7a a <a href=\"https:\/\/www.colegioseducare.com.br\/v4\/matriculas\/\"><strong>PR\u00c9 MATR\u00cdCULA ONLINE<\/strong><\/a>[\/vc_column_text][\/vc_column][vc_column width=&#8221;1\/2&#8243;][vc_column_text]<\/p>\n<ul>\n<li>\n<div class=\"razao1\">\n<div class=\"razoesDescricao\">\n<p class=\" text-left\"><b>Modelo pedag\u00f3gico cognitivo-interacionista<\/b><\/p>\n<div class=\"razao2\">\n<div class=\"razoesDescricao\">\n<p class=\" text-left\">Associa o racioc\u00ednio dedutivo do conhecimento transmitido pelo professor, envolvendo continuamente o educando na atividade de investiga\u00e7\u00e3o e reflex\u00e3o.<\/p>\n<div class=\"razao8\">\n<div class=\"razoesTitulos\">\n<p class=\" text-left\"><b>Variados materiais de apoio<\/b><\/p>\n<p class=\" text-left\">CDs com m\u00fasicas, hist\u00f3rias, p\u00f4steres e uma cuidadosa sele\u00e7\u00e3o de materiais paradid\u00e1ticos.<\/p>\n<\/div>\n<\/div>\n<div class=\"razao9\">\n<div class=\"razoesTitulos\">\n<p class=\" text-left\"><b>Projeto gr\u00e1fico simples e atraente<\/b><\/p>\n<\/div>\n<div class=\"razoesDescricao\">\n<p class=\" text-left\">A apresenta\u00e7\u00e3o do material motiva e facilita o aprendizado, encanta a crian\u00e7a e torna o per\u00edodo escolar t\u00e3o prazeroso quanto eficaz.<\/p>\n<\/div>\n<\/div>\n<\/div>\n<\/div>\n<\/div>\n<\/div>\n<\/li>\n<\/ul>\n<p>As aulas de Ingl\u00eas diferenciadas, oferecendo ricas e produtivas experi\u00eancias na l\u00edngua inglesa.<\/p>\n<p>Professores capacitados e especializados em todos os cursos e n\u00edveis de ensino.<\/p>\n<p><strong>Projetos Educacionais<\/strong><\/p>\n<p>Sarau da Leitura, Concursos, Campeonatos, Xadrez, Dama e T\u00eanis de mesa.<\/p>\n<p><strong>Atividades Multidisciplinares<\/strong><\/p>\n<p>Comemora\u00e7\u00f5es, Eventos, Passeios e Festividades.<\/p>\n<p><strong><em>Treinamento Esportivo Gratuito<\/em><\/strong> do 6\u00ba Ano do Ensino Fundamental ao Ensino M\u00e9dio: Futsal, V\u00f4lei e Atletismo.<\/p>\n<p><strong> Atividade Extracurricular:<\/strong> Jud\u00f4, Dan\u00e7a Moderna e Nata\u00e7\u00e3o.<\/p>\n<p>Participa\u00e7\u00e3o nos Jogos Escolares de S\u00e3o Bernardo do Campo.<\/p>\n<p>Acompanhamento Pedag\u00f3gico progressivo e cont\u00ednuo.<\/p>\n<p><em><strong>Refor\u00e7o Escolar<\/strong><\/em><\/p>\n<p>Tudo para que seu filho possa crescer em educa\u00e7\u00e3o com qualidade e \u00e9tica que o mundo precisa.<\/p>\n<p><em>Caso tenha alguma d\u00favida sugest\u00e3o e ou deseja marcar uma visita na escola, por favor entre em contato no link <a title=\"contato\" href=\"https:\/\/www.colegioseducare.com.br\/v4\/contato-2\/http:\/\/\">CONTATO.<\/a><\/em>[\/vc_column_text][\/vc_column][\/vc_row][vc_row][vc_column][vc_separator style=&#8221;dashed&#8221;][\/vc_column][\/vc_row][vc_row][vc_column width=&#8221;1\/3&#8243;][vc_custom_heading text=&#8221;ENSINO M\u00c9DIO&#8221; font_container=&#8221;tag:h3|text_align:left&#8221; google_fonts=&#8221;font_family:Montserrat%3Aregular%2C700|font_style:400%20regular%3A400%3Anormal&#8221;][vc_column_text]O Ensino M\u00e9dio tem por objetivo a consolida\u00e7\u00e3o e o aprofundamento dos conhecimentos adquiridos no Ensino Fundamental, possibilitando o prosseguimento de estudos.[\/vc_column_text][vc_btn title=&#8221;Leia Mais&#8221; style=&#8221;flat&#8221; shape=&#8221;round&#8221; color=&#8221;juicy-pink&#8221; link=&#8221;url:http%3A%2F%2Fwww.colegioseducare.com.br%2Fv4%2Fensino-medio-2%2F|title:Ensino%20M%C3%A9dio||&#8221;][\/vc_column][vc_column width=&#8221;1\/3&#8243;][vc_custom_heading text=&#8221;ENSINO FUNDAMENTAL&#8221; font_container=&#8221;tag:h3|text_align:left&#8221; google_fonts=&#8221;font_family:Montserrat%3Aregular%2C700|font_style:400%20regular%3A400%3Anormal&#8221;][vc_column_text]Assegurar ao aluno a forma\u00e7\u00e3o comum, indispens\u00e1vel para participar como cidad\u00e3o na vida em sociedade, fornecendo-lhe meios de progredir no trabalho e em estudos posteriores.<\/p>\n<p>[\/vc_column_text][vc_btn title=&#8221;Leia Mais&#8221; shape=&#8221;round&#8221; color=&#8221;juicy-pink&#8221; link=&#8221;url:http%3A%2F%2Fwww.colegioseducare.com.br%2Fv4%2Fensino-fundamental-2%2F|title:Ensino%20Fundamental||&#8221;][\/vc_column][vc_column width=&#8221;1\/3&#8243;][vc_custom_heading text=&#8221;MISS\u00c3O VIS\u00c3O E VALORES EDUCARE&#8221; font_container=&#8221;tag:h3|text_align:left&#8221; google_fonts=&#8221;font_family:Montserrat%3Aregular%2C700|font_style:400%20regular%3A400%3Anormal&#8221;][vc_column_text]<\/p>\n<p style=\"text-align: left;\">O Col\u00e9gio Educare visa proporcionar \u00e0 crian\u00e7a e pr\u00e9-adolescente, o saber sentir, o saber inovar, o saber refletir, o saber fazer, o saber ser cr\u00edtico e o saber ser \u00e9tico.<\/p>\n<p>[\/vc_column_text][vc_btn title=&#8221;Leia Mais&#8221; style=&#8221;flat&#8221; shape=&#8221;round&#8221; color=&#8221;juicy-pink&#8221; link=&#8221;url:http%3A%2F%2Fwww.colegioseducare.com.br%2Fv4%2Fmissaoevalores%2F|title:MISS%C3%83O%20Miss%C3%A3o%20e%20Valores||&#8221;][\/vc_column][\/vc_row]<\/p>\n","protected":false},"excerpt":{"rendered":"<p>[vc_row][vc_column width=&#8221;1\/2&#8243;][vc_column_text] Compartilhe, espalhe e divida conhecimento. Afinal, conhecimento nunca \u00e9 demais! Objetivos Gerais O Col\u00e9gio Educare tem por finalidade o desenvolvimento do educando, assegurando-lhe a forma\u00e7\u00e3o comum indispens\u00e1vel para o exerc\u00edcio da cidadania e fornecendo-lhe meios para progredir no trabalho e em estudos posteriores. O Col\u00e9gio Educare visa proporcionar \u00e0 crian\u00e7a e pr\u00e9-adolescente: o [&hellip;]<\/p>\n","protected":false},"author":1,"featured_media":0,"parent":0,"menu_order":0,"comment_status":"closed","ping_status":"closed","template":"","meta":{"ngg_post_thumbnail":0},"_links":{"self":[{"href":"https:\/\/www.colegioseducare.com.br\/v4\/wp-json\/wp\/v2\/pages\/1504"}],"collection":[{"href":"https:\/\/www.colegioseducare.com.br\/v4\/wp-json\/wp\/v2\/pages"}],"about":[{"href":"https:\/\/www.colegioseducare.com.br\/v4\/wp-json\/wp\/v2\/types\/page"}],"author":[{"embeddable":true,"href":"https:\/\/www.colegioseducare.com.br\/v4\/wp-json\/wp\/v2\/users\/1"}],"replies":[{"embeddable":true,"href":"https:\/\/www.colegioseducare.com.br\/v4\/wp-json\/wp\/v2\/comments?post=1504"}],"version-history":[{"count":26,"href":"https:\/\/www.colegioseducare.com.br\/v4\/wp-json\/wp\/v2\/pages\/1504\/revisions"}],"predecessor-version":[{"id":2155,"href":"https:\/\/www.colegioseducare.com.br\/v4\/wp-json\/wp\/v2\/pages\/1504\/revisions\/2155"}],"wp:attachment":[{"href":"https:\/\/www.colegioseducare.com.br\/v4\/wp-json\/wp\/v2\/media?parent=1504"}],"curies":[{"name":"wp","href":"https:\/\/api.w.org\/{rel}","templated":true}]}}