{"id":1528,"date":"2015-05-20T11:45:57","date_gmt":"2015-05-20T11:45:57","guid":{"rendered":"http:\/\/masterstudy.stylemixthemes.com\/demo\/?page_id=8"},"modified":"2022-02-14T13:06:28","modified_gmt":"2022-02-14T13:06:28","slug":"front-page","status":"publish","type":"page","link":"https:\/\/www.colegioseducare.com.br\/v4\/","title":{"rendered":"Front Page"},"content":{"rendered":"<p>[vc_row][vc_column][rev_slider_vc alias=&#8221;home_slider&#8221;][\/vc_column][\/vc_row][vc_row full_width=&#8221;stretch_row&#8221; css=&#8221;.vc_custom_1436163428614{margin-top: 0px !important;margin-right: 0px !important;margin-bottom: 28px !important;margin-left: 0px !important;}&#8221; el_class=&#8221;overflowed_content&#8221;][vc_column width=&#8221;1\/4&#8243; css=&#8221;.vc_custom_1434610589736{margin-top: -148px !important;padding-right: 0px !important;padding-left: 0px !important;}&#8221;][stm_icon_box icon=&#8221;fa-icon-stm_icon_graduation-hat&#8221; icon_size=&#8221;73&#8243; icon_height=&#8221;69&#8243; icon_color=&#8221;#ffffff&#8221; title=&#8221;CURSOS EDUCARE&#8221; box_bg_color=&#8221;#10c45c&#8221; box_text_color=&#8221;#ffffff&#8221; css=&#8221;.vc_custom_1501636007092{padding-top: 30px !important;padding-right: 32px !important;padding-bottom: 50px !important;padding-left: 32px !important;}&#8221; link=&#8221;url:http%3A%2F%2Fwww.colegioseducare.com.br%2Fv4%2Fcursos|||&#8221;]O Ensino Fundamental tem por objetivo o desenvolvimento da capacidade &#8211; Leia mais +[\/stm_icon_box][\/vc_column][vc_column width=&#8221;1\/4&#8243; css=&#8221;.vc_custom_1434610598979{margin-top: -148px !important;padding-right: 0px !important;padding-left: 0px !important;}&#8221;][stm_icon_box icon=&#8221;fa-icon-stm_icon_book&#8221; icon_size=&#8221;61&#8243; icon_height=&#8221;69&#8243; icon_color=&#8221;#ffffff&#8221; title=&#8221;PROPOSTA PEDAG\u00d3GICA&#8221; box_bg_color=&#8221;#fdc735&#8243; box_text_color=&#8221;#ffffff&#8221; css=&#8221;.vc_custom_1501636346450{padding-top: 30px !important;padding-right: 32px !important;padding-bottom: 50px !important;padding-left: 32px !important;}&#8221; link=&#8221;url:http%3A%2F%2Fwww.colegioseducare.com.br%2Fv4%2Fproposta-pedagogica-2%2F|||&#8221;]O m\u00e9todo de ensino do colegio educare &#8211; Leia mais +[\/stm_icon_box][\/vc_column][vc_column width=&#8221;1\/4&#8243; css=&#8221;.vc_custom_1434610604765{margin-top: -148px !important;padding-right: 0px !important;padding-left: 0px !important;}&#8221;][stm_icon_box icon=&#8221;fa-icon-stm_icon_diamond&#8221; icon_size=&#8221;62&#8243; icon_height=&#8221;69&#8243; icon_color=&#8221;#ffffff&#8221; title=&#8221;OS RESULTADOS&#8221; box_bg_color=&#8221;#307ad5&#8243; box_text_color=&#8221;#ffffff&#8221; link=&#8221;url:http%3A%2F%2Fwww.colegioseducare.com.br%2Fv4%2Fos-resultados-2%2F|title:Os%20resultados||&#8221;]Os alunos do Colegio Educare, contam como foi estudar onde a educa\u00e7\u00e3o \u00e9 prioridade. Leia mais +[\/stm_icon_box][\/vc_column][vc_column width=&#8221;1\/4&#8243; css=&#8221;.vc_custom_1434610618578{margin-top: -148px !important;padding-right: 0px !important;padding-left: 0px !important;}&#8221;][stm_icon_box icon=&#8221;fa-icon-stm_icon_license&#8221; icon_size=&#8221;57&#8243; icon_height=&#8221;69&#8243; icon_color=&#8221;#ffffff&#8221; title=&#8221;MISS\u00c3O E VALORES&#8221; box_bg_color=&#8221;#e948ae&#8221; box_text_color=&#8221;#ffffff&#8221; link=&#8221;url:http%3A%2F%2Fwww.colegioseducare.com.br%2Fv4%2Fmissaoevalores%2F|title:Miss%C3%A3o%20e%20Valores||&#8221;]Nossa vis\u00e3o e valores de como encaramos a educa\u00e7\u00e3o junto com nossos colaboradores. Leia Mais +[\/stm_icon_box][\/vc_column][\/vc_row][vc_row css=&#8221;.vc_custom_1436164243861{margin-bottom: 28px !important;}&#8221;][vc_column][vc_separator color=&#8221;white&#8221; border_width=&#8221;5&#8243;][vc_cta h2=&#8221;Conhe\u00e7a o col\u00e9gio sem sair de casa, fa\u00e7a o Tour Virtual&#8221; txt_align=&#8221;center&#8221; add_button=&#8221;bottom&#8221; btn_title=&#8221;CLIQUE AQUI&#8221; btn_color=&#8221;turquoise&#8221; btn_align=&#8221;center&#8221; btn_link=&#8221;url:https%3A%2F%2Fmaps.app.goo.gl%2Fj2Y5KFznK8nw6Ydj6||target:%20_blank|&#8221;][\/vc_cta][vc_separator color=&#8221;white&#8221; border_width=&#8221;5&#8243;][vc_custom_heading text=&#8221;MODALIDADES DE ENSINO<br \/>\nE PER\u00cdODOS DE FUNCIONAMENTO&#8221; font_container=&#8221;tag:h2|font_size:32|text_align:center|color:%23000000|line_height:48px&#8221; google_fonts=&#8221;font_family:Montserrat%3Aregular%2C700|font_style:700%20bold%20regular%3A700%3Anormal&#8221;][vc_row_inner css=&#8221;.vc_custom_1436164020002{margin-bottom: 27px !important;}&#8221;][vc_column_inner][stm_color_separator css=&#8221;.vc_custom_1437023252855{margin-top: 7px !important;margin-bottom: 0px !important;}&#8221;][\/vc_column_inner][\/vc_row_inner][vc_tta_accordion style=&#8221;modern&#8221; c_align=&#8221;center&#8221; c_icon=&#8221;chevron&#8221; active_section=&#8221;0&#8243;][vc_tta_section title=&#8221;Ensino Fundamental I&#8221; tab_id=&#8221;1629989296443-9c8b94a0-7c3d&#8221;][vc_column_text]<\/p>\n<p style=\"text-align: center;\"><strong>Ensino Fundamental \u2013 do&nbsp; 1\u00ba ao 5\u00ba Ano:<\/strong>&nbsp; L\u00edngua Portuguesa, Matem\u00e1tica, Ci\u00eancias, Hist\u00f3ria, Geografia, Artes, Educa\u00e7\u00e3o F\u00edsica e Ingl\u00eas e Inform\u00e1tica.<\/p>\n<p>[\/vc_column_text][\/vc_tta_section][vc_tta_section title=&#8221;Ensino Fundamental II&#8221; tab_id=&#8221;1629989296495-98a9d3b2-5880&#8243;][vc_column_text]<\/p>\n<p style=\"text-align: center;\"><strong>Ensino Fundamental ll \u2013 do&nbsp; 6\u00ba ao 9\u00ba Ano:<\/strong>&nbsp; L\u00edngua Portuguesa, Matem\u00e1tica, Ci\u00eancias, Hist\u00f3ria, Geografia, Artes, Educa\u00e7\u00e3o F\u00edsica e Ingl\u00eas.<\/p>\n<p>[\/vc_column_text][\/vc_tta_section][vc_tta_section title=&#8221;Ensino M\u00e9dio&#8221; tab_id=&#8221;1629989574678-4ca82d11-181d&#8221;][vc_column_text]<\/p>\n<p style=\"text-align: center;\"><strong>Ensino M\u00e9dio:<\/strong> &nbsp;&nbsp;L\u00edngua Portuguesa, Matem\u00e1tica, F\u00edsica, Qu\u00edmica, Biologia, Hist\u00f3ria, Geografia, Sociologia, Filosofia, Ingl\u00eas, Espanhol, Artes, Educa\u00e7\u00e3o F\u00edsica.<\/p>\n<p>[\/vc_column_text][\/vc_tta_section][vc_tta_section title=&#8221;Ensino Integral&#8221; tab_id=&#8221;1629989617910-6003098a-9fa1&#8243;][vc_column_text]<\/p>\n<h3 style=\"text-align: center;\">Per\u00edodo Integral: 1\u00ba ao 5\u00ba Ano: Das 7h \u00e0s 19h.<\/h3>\n<p>[\/vc_column_text][\/vc_tta_section][\/vc_tta_accordion][vc_separator color=&#8221;white&#8221; border_width=&#8221;5&#8243;][vc_custom_heading text=&#8221;BLOG EDUCARE&#8221; font_container=&#8221;tag:h2|font_size:32|text_align:center|line_height:48px&#8221; google_fonts=&#8221;font_family:Montserrat%3Aregular%2C700|font_style:700%20bold%20regular%3A700%3Anormal&#8221;][vc_row_inner css=&#8221;.vc_custom_1436164020002{margin-bottom: 27px !important;}&#8221;][vc_column_inner][stm_color_separator css=&#8221;.vc_custom_1437023252855{margin-top: 7px !important;margin-bottom: 0px !important;}&#8221;][\/vc_column_inner][\/vc_row_inner][vc_row_inner][vc_column_inner][stm_post_list post_list_per_row=&#8221;3&#8243; post_list_show_date=&#8221;true&#8221; post_list_show_cats=&#8221;true&#8221; post_list_show_tags=&#8221;true&#8221; post_list_show_comments=&#8221;true&#8221; post_list_per_page=&#8221;3&#8243;][\/vc_column_inner][\/vc_row_inner][\/vc_column][vc_column][\/vc_column][vc_column][\/vc_column][vc_column][\/vc_column][\/vc_row][vc_row full_width=&#8221;stretch_row&#8221; parallax=&#8221;content-moving-fade&#8221; parallax_image=&#8221;1578&#8243; css=&#8221;.vc_custom_1496098981993{padding-top: 29px !important;padding-bottom: 60px !important;}&#8221; el_class=&#8221;stm_fixed_background&#8221;][vc_column][vc_custom_heading text=&#8221;N\u00daMEROS DA EDUCARE&#8221; font_container=&#8221;tag:h2|font_size:32|text_align:center|color:%23ffffff|line_height:48px&#8221; google_fonts=&#8221;font_family:Montserrat%3Aregular%2C700|font_style:700%20bold%20regular%3A700%3Anormal&#8221;][vc_row_inner][vc_column_inner][stm_color_separator color=&#8221;#fdc735&#8243; css=&#8221;.vc_custom_1436163568935{margin-top: 7px !important;margin-bottom: 27px !important;}&#8221;][vc_column_text css=&#8221;.vc_custom_1496794736361{margin-bottom: 11px !important;}&#8221;]<\/p>\n<h4 style=\"text-align: center;\"><span style=\"color: #ffffff;\">Estat\u00edsticas e n\u00fameros sobre o Col\u00e9gios Educare<\/span><\/h4>\n<p>[\/vc_column_text][\/vc_column_inner][\/vc_row_inner][vc_row_inner css=&#8221;.vc_custom_1436163882282{margin-bottom: 46px !important;}&#8221;][vc_column_inner width=&#8221;1\/4&#8243;][stm_stats_counter counter_value=&#8221;3532&#8243; icon=&#8221;fa-icon-stm_icon_earth&#8221; icon_height=&#8221;72&#8243; title=&#8221;Total de Alunos&#8221; icon_text_color=&#8221;#ffffff&#8221;][\/vc_column_inner][vc_column_inner width=&#8221;1\/4&#8243;][stm_stats_counter counter_value=&#8221;11223&#8243; icon=&#8221;fa-icon-stm_icon_alarm&#8221; icon_size=&#8221;71&#8243; icon_height=&#8221;72&#8243; title=&#8221;Aulas Completas&#8221;][\/vc_column_inner][vc_column_inner width=&#8221;1\/4&#8243;][stm_stats_counter counter_value=&#8221;478&#8243; icon=&#8221;fa-icon-stm_icon_users&#8221; icon_height=&#8221;72&#8243; title=&#8221;Estudantes Matriculados&#8221;][\/vc_column_inner][vc_column_inner width=&#8221;1\/4&#8243;][stm_stats_counter counter_value=&#8221;21&#8243; icon=&#8221;fa-icon-stm_icon_briefcase&#8221; icon_height=&#8221;72&#8243; title=&#8221;professores certificados&#8221;][\/vc_column_inner][\/vc_row_inner][\/vc_column][\/vc_row][vc_row full_width=&#8221;stretch_row&#8221; css=&#8221;.vc_custom_1433848297784{margin-bottom: 0px !important;padding-top: 52px !important;padding-bottom: 46px !important;background-color: #eeeeee !important;}&#8221;][vc_column width=&#8221;7\/12&#8243;][stm_icon_box icon=&#8221;fa-icon-stm_icon_book&#8221; icon_align=&#8221;left&#8221; icon_color=&#8221;#333333&#8243; box_text_color=&#8221;#555555&#8243; css=&#8221;.vc_custom_1496091250501{padding-top: 0px !important;padding-right: 20px !important;padding-bottom: 0px !important;padding-left: 8px !important;}&#8221;]<\/p>\n<h3><span style=\"color: #48a7d4;\">CONECTADO<\/span> CONOSCO<\/h3>\n<p>Subscribe agora e receba as novidades da educare em seu email. Informa\u00e7\u00f5es e novidades, fotos, agenda e muito mais![\/stm_icon_box][\/vc_column][vc_column width=&#8221;5\/12&#8243;][stm_mailchimp title=&#8221;Seu endere\u00e7o de email&#8221;][\/vc_column][\/vc_row][vc_row css=&#8221;.vc_custom_1437457459868{margin-right: 0px !important;margin-left: 0px !important;padding-top: 30px !important;padding-bottom: 27px !important;background-color: #eab830 !important;}&#8221; el_class=&#8221;stm_countdown_bg&#8221;][vc_column width=&#8221;7\/12&#8243;][vc_column_text css=&#8221;.vc_custom_1527518457794{margin-top: 33px !important;margin-bottom: 10px !important;}&#8221;]<\/p>\n<h2 class=\"white-heading\" style=\"text-align: center; line-height: 36px; color: #fff;\">PROXIMO PASSEIO<\/h2>\n<h2 style=\"text-align: center;\">COL\u00c9GIO EDUCARE SBC<\/h2>\n<p>[\/vc_column_text][stm_color_separator color=&#8221;#ffffff&#8221; css=&#8221;.vc_custom_1437457505459{margin-bottom: 18px !important;}&#8221;][vc_column_text]<\/p>\n<h3 style=\"text-align: center;\"><span style=\"color: #333;\">Vagas Limitadas!<\/span><\/h3>\n<p>&nbsp;<\/p>\n<p>[\/vc_column_text][stm_countdown datepicker=&#8221;22-10-2018 05:00&#8243; css=&#8221;.vc_custom_1527518519876{margin-bottom: 35px !important;}&#8221;][\/vc_column][vc_column width=&#8221;5\/12&#8243;][stm_sign_up_now form=&#8221;555&#8243; title=&#8221;INSCRI\u00c7\u00c3O&#8221;][\/vc_column][\/vc_row][vc_row css=&#8221;.vc_custom_1434695320673{margin-bottom: 0px !important;}&#8221;][vc_column width=&#8221;2\/3&#8243;][stm_testimonials testimonials_slides_per_row=&#8221;2&#8243; testimonials_title=&#8221;TESTEMUNHOS&#8221;][\/vc_column][vc_column width=&#8221;1\/3&#8243;][vc_video title=&#8221;VIDEO TOUR&#8221; link=&#8221;https:\/\/youtu.be\/EOqccl90Qx0&#8243; image=&#8221;1628&#8243;][\/vc_column][\/vc_row]<\/p>\n","protected":false},"excerpt":{"rendered":"<p>[vc_row][vc_column][rev_slider_vc alias=&#8221;home_slider&#8221;][\/vc_column][\/vc_row][vc_row full_width=&#8221;stretch_row&#8221; css=&#8221;.vc_custom_1436163428614{margin-top: 0px !important;margin-right: 0px !important;margin-bottom: 28px !important;margin-left: 0px !important;}&#8221; el_class=&#8221;overflowed_content&#8221;][vc_column width=&#8221;1\/4&#8243; css=&#8221;.vc_custom_1434610589736{margin-top: -148px !important;padding-right: 0px !important;padding-left: 0px !important;}&#8221;][stm_icon_box icon=&#8221;fa-icon-stm_icon_graduation-hat&#8221; icon_size=&#8221;73&#8243; icon_height=&#8221;69&#8243; icon_color=&#8221;#ffffff&#8221; title=&#8221;CURSOS EDUCARE&#8221; box_bg_color=&#8221;#10c45c&#8221; box_text_color=&#8221;#ffffff&#8221; css=&#8221;.vc_custom_1501636007092{padding-top: 30px !important;padding-right: 32px !important;padding-bottom: 50px !important;padding-left: 32px !important;}&#8221; link=&#8221;url:http%3A%2F%2Fwww.colegioseducare.com.br%2Fv4%2Fcursos|||&#8221;]O Ensino Fundamental tem por objetivo o desenvolvimento da capacidade &#8211; Leia mais +[\/stm_icon_box][\/vc_column][vc_column width=&#8221;1\/4&#8243; css=&#8221;.vc_custom_1434610598979{margin-top: -148px [&hellip;]<\/p>\n","protected":false},"author":1,"featured_media":0,"parent":0,"menu_order":0,"comment_status":"closed","ping_status":"closed","template":"","meta":{"ngg_post_thumbnail":0},"_links":{"self":[{"href":"https:\/\/www.colegioseducare.com.br\/v4\/wp-json\/wp\/v2\/pages\/1528"}],"collection":[{"href":"https:\/\/www.colegioseducare.com.br\/v4\/wp-json\/wp\/v2\/pages"}],"about":[{"href":"https:\/\/www.colegioseducare.com.br\/v4\/wp-json\/wp\/v2\/types\/page"}],"author":[{"embeddable":true,"href":"https:\/\/www.colegioseducare.com.br\/v4\/wp-json\/wp\/v2\/users\/1"}],"replies":[{"embeddable":true,"href":"https:\/\/www.colegioseducare.com.br\/v4\/wp-json\/wp\/v2\/comments?post=1528"}],"version-history":[{"count":55,"href":"https:\/\/www.colegioseducare.com.br\/v4\/wp-json\/wp\/v2\/pages\/1528\/revisions"}],"predecessor-version":[{"id":2016,"href":"https:\/\/www.colegioseducare.com.br\/v4\/wp-json\/wp\/v2\/pages\/1528\/revisions\/2016"}],"wp:attachment":[{"href":"https:\/\/www.colegioseducare.com.br\/v4\/wp-json\/wp\/v2\/media?parent=1528"}],"curies":[{"name":"wp","href":"https:\/\/api.w.org\/{rel}","templated":true}]}}