{"id":1675,"date":"2017-08-02T00:56:01","date_gmt":"2017-08-02T00:56:01","guid":{"rendered":"http:\/\/www.colegioseducare.com.br\/v4\/?page_id=1675"},"modified":"2021-08-26T16:01:22","modified_gmt":"2021-08-26T16:01:22","slug":"missaoevalores","status":"publish","type":"page","link":"https:\/\/www.colegioseducare.com.br\/v4\/missaoevalores\/","title":{"rendered":"Miss\u00e3o Vis\u00e3o e Valores"},"content":{"rendered":"<p>[vc_row][vc_column width=&#8221;1\/2&#8243;][vc_column_text]O Col\u00e9gio Educare&nbsp; visa proporcionar&nbsp; \u00e0 crian\u00e7a e pr\u00e9-adolescente,&nbsp; o saber sentir, o saber inovar, o saber refletir, o saber fazer, o saber ser cr\u00edtico e o saber ser \u00e9tico.<\/p>\n<p>Temos por finalidade o desenvolvimento do educando, assegurando-lhe a forma\u00e7\u00e3o comum indispens\u00e1vel para o exerc\u00edcio da cidadania e fornecendo-lhe meios para progredir em estudos posteriores.<\/p>\n<p>Como institui\u00e7\u00e3o social, possibilitamos &nbsp;ao aluno a aquisi\u00e7\u00e3o de uma consci\u00eancia cr\u00edtica que lhe amplie \u00e0 vis\u00e3o de mundo, oferecendo condi\u00e7\u00f5es de uma leitura interpretativa dos fatos sociais, das rela\u00e7\u00f5es intra e interpessoais e dos homens com a natureza.[\/vc_column_text][\/vc_column][vc_column width=&#8221;1\/2&#8243;][vc_tta_tour][vc_tta_section title=&#8221;Miss\u00e3o&#8221; tab_id=&#8221;1436941077966-63d68899-a335&#8243;][vc_column_text]<\/p>\n<ul>\n<li>Ensino Individualizado de Elevado N\u00edvel, com n\u00famero limitado de alunos por sala de aula.<\/li>\n<li>Valoriza\u00e7\u00e3o do potencial e&nbsp; &nbsp;das habilidades do educando.<\/li>\n<\/ul>\n<p>[\/vc_column_text][\/vc_tta_section][vc_tta_section title=&#8221;Vis\u00e3o&#8221; tab_id=&#8221;1436938556876-45d2790d-a4cb&#8221;][vc_column_text]Ser um centro educacional de refer\u00eancia, inovador em suas propostas e pr\u00e1ticas pedag\u00f3gicas e na forma\u00e7\u00e3o de cidad\u00e3os cr\u00edticos, conscientes e empreendedores..[\/vc_column_text][\/vc_tta_section][vc_tta_section title=&#8221;Valores&#8221; tab_id=&#8221;1436938557282-0bd01efc-3b88&#8243;][vc_column_text]Autonomia pessoal e coletiva<br \/>\nDiscernimento<br \/>\nRespeito \u00e0s diferen\u00e7as<br \/>\nSolidariedade<br \/>\nAlteridade<br \/>\nResponsabilidade[\/vc_column_text][\/vc_tta_section][\/vc_tta_tour][\/vc_column][\/vc_row][vc_row][vc_column][vc_separator][vc_empty_space height=&#8221;40px&#8221;][\/vc_column][\/vc_row][vc_row][vc_column width=&#8221;1\/3&#8243;][vc_custom_heading text=&#8221;ENSINO M\u00c9DIO&#8221; font_container=&#8221;tag:h3|text_align:left&#8221; google_fonts=&#8221;font_family:Montserrat%3Aregular%2C700|font_style:400%20regular%3A400%3Anormal&#8221;][vc_column_text]O Ensino M\u00e9dio tem por objetivo a consolida\u00e7\u00e3o e o aprofundamento dos conhecimentos adquiridos no Ensino Fundamental, possibilitando o prosseguimento de estudos.[\/vc_column_text][vc_btn title=&#8221;Leia Mais&#8221; style=&#8221;flat&#8221; shape=&#8221;round&#8221; color=&#8221;juicy-pink&#8221; link=&#8221;url:http%3A%2F%2Fwww.colegioseducare.com.br%2Fv4%2Fensino-medio-2%2F|title:Ensino%20M%C3%A9dio||&#8221;][\/vc_column][vc_column width=&#8221;1\/3&#8243;][vc_custom_heading text=&#8221;ENSINO FUNDAMENTAL&#8221; font_container=&#8221;tag:h3|text_align:left&#8221; google_fonts=&#8221;font_family:Montserrat%3Aregular%2C700|font_style:400%20regular%3A400%3Anormal&#8221;][vc_column_text]Assegurar ao aluno a forma\u00e7\u00e3o comum, indispens\u00e1vel para participar como cidad\u00e3o na vida em sociedade, fornecendo-lhe meios de progredir no trabalho e em estudos posteriores.<\/p>\n<p>[\/vc_column_text][vc_btn title=&#8221;Leia Mais&#8221; shape=&#8221;round&#8221; color=&#8221;juicy-pink&#8221; link=&#8221;url:http%3A%2F%2Fwww.colegioseducare.com.br%2Fv4%2Fensino-fundamental-2%2F|title:Ensino%20Fundamental||&#8221;][\/vc_column][vc_column width=&#8221;1\/3&#8243;][vc_custom_heading text=&#8221;SOBRE N\u00d3S&#8221; font_container=&#8221;tag:h3|text_align:left&#8221; google_fonts=&#8221;font_family:Montserrat%3Aregular%2C700|font_style:400%20regular%3A400%3Anormal&#8221;][vc_column_text]<\/p>\n<p style=\"text-align: left;\">O in\u00edcio do Col\u00e9gio Educare onde e como tudo come\u00e7ou, linha do tempo desde a funda\u00e7\u00e3o do col\u00e9gio at\u00e9 os dias de hoje. Nossos alunos e colaboradores fazem parte deste linda hist\u00f3ria.<\/p>\n<p>[\/vc_column_text][vc_btn title=&#8221;Leia Mais&#8221; style=&#8221;flat&#8221; shape=&#8221;round&#8221; color=&#8221;juicy-pink&#8221; link=&#8221;url:http%3A%2F%2Fwww.colegioseducare.com.br%2Fv4%2Fsobre-nos%2F|title:Sobre%20N%C3%B3s||&#8221;][\/vc_column][\/vc_row]<\/p>\n","protected":false},"excerpt":{"rendered":"<p>[vc_row][vc_column width=&#8221;1\/2&#8243;][vc_column_text]O Col\u00e9gio Educare&nbsp; visa proporcionar&nbsp; \u00e0 crian\u00e7a e pr\u00e9-adolescente,&nbsp; o saber sentir, o saber inovar, o saber refletir, o saber fazer, o saber ser cr\u00edtico e o saber ser \u00e9tico. Temos por finalidade o desenvolvimento do educando, assegurando-lhe a forma\u00e7\u00e3o comum indispens\u00e1vel para o exerc\u00edcio da cidadania e fornecendo-lhe meios para progredir em estudos [&hellip;]<\/p>\n","protected":false},"author":1,"featured_media":0,"parent":0,"menu_order":0,"comment_status":"closed","ping_status":"closed","template":"","meta":{"ngg_post_thumbnail":0},"_links":{"self":[{"href":"https:\/\/www.colegioseducare.com.br\/v4\/wp-json\/wp\/v2\/pages\/1675"}],"collection":[{"href":"https:\/\/www.colegioseducare.com.br\/v4\/wp-json\/wp\/v2\/pages"}],"about":[{"href":"https:\/\/www.colegioseducare.com.br\/v4\/wp-json\/wp\/v2\/types\/page"}],"author":[{"embeddable":true,"href":"https:\/\/www.colegioseducare.com.br\/v4\/wp-json\/wp\/v2\/users\/1"}],"replies":[{"embeddable":true,"href":"https:\/\/www.colegioseducare.com.br\/v4\/wp-json\/wp\/v2\/comments?post=1675"}],"version-history":[{"count":17,"href":"https:\/\/www.colegioseducare.com.br\/v4\/wp-json\/wp\/v2\/pages\/1675\/revisions"}],"predecessor-version":[{"id":2089,"href":"https:\/\/www.colegioseducare.com.br\/v4\/wp-json\/wp\/v2\/pages\/1675\/revisions\/2089"}],"wp:attachment":[{"href":"https:\/\/www.colegioseducare.com.br\/v4\/wp-json\/wp\/v2\/media?parent=1675"}],"curies":[{"name":"wp","href":"https:\/\/api.w.org\/{rel}","templated":true}]}}