{"id":1762,"date":"2017-08-15T01:21:53","date_gmt":"2017-08-15T01:21:53","guid":{"rendered":"http:\/\/www.colegioseducare.com.br\/v4\/?page_id=1762"},"modified":"2017-12-15T01:31:46","modified_gmt":"2017-12-15T01:31:46","slug":"boletim-online-2","status":"publish","type":"page","link":"https:\/\/www.colegioseducare.com.br\/v4\/boletim-online-2\/","title":{"rendered":"Boletim ONLINE"},"content":{"rendered":"<p>[vc_row][vc_column][vc_column_text]O Sistema Boletim Online foi criado para facilitar o acesso \u00e0s notas pelos alunos e pais al\u00e9m de outras fun\u00e7\u00f5es entre professor e aluno.<\/p>\n<p>Para acessar o sistema de BOLETIM ONLINE do col\u00e9gios EDUCARE da <a title=\"Sistema Boletim Online\" href=\"http:\/\/www.colegioseducare.com.br\/v3\/boletim_media_falta\/\" target=\"_blank\">Unidade Paulic\u00e9ia entre neste link.<\/a><\/p>\n<p>Se for sua primeira vez e deseja informa\u00e7\u00f5es de como funciona o sistema, abaixo h\u00e1 o acesso das 3 formas.<\/p>\n<p>[\/vc_column_text][\/vc_column][\/vc_row][vc_row][vc_column width=&#8221;1\/3&#8243;][vc_single_image image=&#8221;1840&#8243; img_size=&#8221;medium&#8221; alignment=&#8221;center&#8221; style=&#8221;vc_box_outline&#8221; onclick=&#8221;custom_link&#8221; img_link_target=&#8221;_blank&#8221; link=&#8221;http:\/\/www.colegioseducare.com.br\/v3\/boletim_media_falta\/&#8221;][vc_column_text]<\/p>\n<p style=\"text-align: center;\">ACESSO DO ALUNO <a title=\"\u00c1rea do Aluno\" href=\"http:\/\/www.colegioseducare.com.br\/v3\/boletim_media_falta\/loginAluno\/\" target=\"_blank\">neste link direto<\/a> entre com o LOGIN (N\u00famero de Matr\u00edcula) e SENHA (Senha escolhida) caso n\u00e3o a tenha pe\u00e7a na secretaria da Unidade Paulic\u00e9ia Dr\u00e1usio.<\/p>\n<p>[\/vc_column_text][\/vc_column][vc_column width=&#8221;1\/3&#8243;][vc_single_image image=&#8221;1842&#8243; img_size=&#8221;medium&#8221; alignment=&#8221;center&#8221; style=&#8221;vc_box_outline&#8221; onclick=&#8221;link_image&#8221;][vc_column_text]<\/p>\n<p style=\"text-align: center;\">ACESSO DO PROFESSOR <a title=\"\u00c1rea do Professor\" href=\"http:\/\/www.colegioseducare.com.br\/v3\/boletim_media_falta\/loginProfessor\/\" target=\"_blank\">neste link direto<\/a> entre com o LOGIN e SENHA (Senha escolhida) caso n\u00e3o a tenha pe\u00e7a na coordena\u00e7\u00e3o da Unidade Paulic\u00e9ia Dr\u00e1usio.<\/p>\n<p>[\/vc_column_text][\/vc_column][\/vc_row][vc_row][vc_column][vc_separator style=&#8221;dashed&#8221;][\/vc_column][\/vc_row][vc_row][vc_column width=&#8221;1\/3&#8243;][vc_custom_heading text=&#8221;ENSINO M\u00c9DIO&#8221; font_container=&#8221;tag:h3|text_align:left&#8221; google_fonts=&#8221;font_family:Montserrat%3Aregular%2C700|font_style:400%20regular%3A400%3Anormal&#8221;][vc_column_text]O Ensino M\u00e9dio tem por objetivo a consolida\u00e7\u00e3o e o aprofundamento dos conhecimentos adquiridos no Ensino Fundamental, possibilitando o prosseguimento de estudos.[\/vc_column_text][vc_btn title=&#8221;Leia Mais&#8221; shape=&#8221;round&#8221; color=&#8221;juicy-pink&#8221; link=&#8221;url:http%3A%2F%2Fwww.colegioseducare.com.br%2Fv4%2Fensino-medio-2%2F|title:Ensino%20M%C3%A9dio||&#8221;][\/vc_column][vc_column width=&#8221;1\/3&#8243;][vc_custom_heading text=&#8221;SOBRE A EDUCARE&#8221; font_container=&#8221;tag:h3|text_align:left&#8221; google_fonts=&#8221;font_family:Montserrat%3Aregular%2C700|font_style:400%20regular%3A400%3Anormal&#8221;][vc_column_text]Saiba mais sobre a Educare na linha cronol\u00f3gica como foi o in\u00edcio e nossa trajet\u00f3ria, o porqu\u00ea do nome EDUCARE. Nossos alunos e colaboradores fazem parte desta hist\u00f3ria![\/vc_column_text][vc_btn title=&#8221;Leia Mais&#8221; shape=&#8221;round&#8221; color=&#8221;juicy-pink&#8221; link=&#8221;url:http%3A%2F%2Fwww.colegioseducare.com.br%2Fv4%2Fensino-fundamental-2%2F|title:Ensino%20Fundamental||&#8221;][\/vc_column][vc_column width=&#8221;1\/3&#8243;][vc_custom_heading text=&#8221;MISS\u00c3O VIS\u00c3O E VALORES EDUCARE&#8221; font_container=&#8221;tag:h3|text_align:left&#8221; google_fonts=&#8221;font_family:Montserrat%3Aregular%2C700|font_style:400%20regular%3A400%3Anormal&#8221;][vc_column_text]O Col\u00e9gio Educare visa proporcionar \u00e0 crian\u00e7a e pr\u00e9-adolescente, o saber sentir, o saber inovar, o saber refletir, o saber fazer, o saber ser cr\u00edtico e o saber ser \u00e9tico.<\/p>\n<p>[\/vc_column_text][vc_btn title=&#8221;Leia Mais&#8221; shape=&#8221;round&#8221; color=&#8221;juicy-pink&#8221; link=&#8221;url:http%3A%2F%2Fwww.colegioseducare.com.br%2Fv4%2Fmissaoevalores%2F|title:MISS%C3%83O%20Miss%C3%A3o%20e%20Valores||&#8221;][\/vc_column][\/vc_row]<\/p>\n","protected":false},"excerpt":{"rendered":"<p>[vc_row][vc_column][vc_column_text]O Sistema Boletim Online foi criado para facilitar o acesso \u00e0s notas pelos alunos e pais al\u00e9m de outras fun\u00e7\u00f5es entre professor e aluno. Para acessar o sistema de BOLETIM ONLINE do col\u00e9gios EDUCARE da Unidade Paulic\u00e9ia entre neste link. Se for sua primeira vez e deseja informa\u00e7\u00f5es de como funciona o sistema, abaixo h\u00e1 [&hellip;]<\/p>\n","protected":false},"author":1,"featured_media":0,"parent":0,"menu_order":0,"comment_status":"closed","ping_status":"closed","template":"","meta":{"ngg_post_thumbnail":0},"_links":{"self":[{"href":"https:\/\/www.colegioseducare.com.br\/v4\/wp-json\/wp\/v2\/pages\/1762"}],"collection":[{"href":"https:\/\/www.colegioseducare.com.br\/v4\/wp-json\/wp\/v2\/pages"}],"about":[{"href":"https:\/\/www.colegioseducare.com.br\/v4\/wp-json\/wp\/v2\/types\/page"}],"author":[{"embeddable":true,"href":"https:\/\/www.colegioseducare.com.br\/v4\/wp-json\/wp\/v2\/users\/1"}],"replies":[{"embeddable":true,"href":"https:\/\/www.colegioseducare.com.br\/v4\/wp-json\/wp\/v2\/comments?post=1762"}],"version-history":[{"count":16,"href":"https:\/\/www.colegioseducare.com.br\/v4\/wp-json\/wp\/v2\/pages\/1762\/revisions"}],"predecessor-version":[{"id":1844,"href":"https:\/\/www.colegioseducare.com.br\/v4\/wp-json\/wp\/v2\/pages\/1762\/revisions\/1844"}],"wp:attachment":[{"href":"https:\/\/www.colegioseducare.com.br\/v4\/wp-json\/wp\/v2\/media?parent=1762"}],"curies":[{"name":"wp","href":"https:\/\/api.w.org\/{rel}","templated":true}]}}