{"id":1823,"date":"2017-10-24T02:17:48","date_gmt":"2017-10-24T02:17:48","guid":{"rendered":"http:\/\/www.colegioseducare.com.br\/v4\/?page_id=1823"},"modified":"2017-12-12T01:26:08","modified_gmt":"2017-12-12T01:26:08","slug":"matriculas","status":"publish","type":"page","link":"https:\/\/www.colegioseducare.com.br\/v4\/matriculas\/","title":{"rendered":"Matr\u00edculas"},"content":{"rendered":"<p>[vc_row][vc_column][vc_custom_heading text=&#8221;Pr\u00e9 Matr\u00edcula Online&#8221;][vc_column_text]\u00c9 muito simples:<\/p>\n<p>Basta preencher o formul\u00e1rio ONLINE no link abaixo e os dados ser\u00e1 enviado para a dire\u00e7\u00e3o da escola, um colaborador ir\u00e1 entrar em contato para validar a pr\u00e9 matr\u00edcula e marcar a data para assinar o contrato.<\/p>\n<p>O formul\u00e1rio \u00e9 criptografado pelo google docs e n\u00e3o solicita informa\u00e7\u00f5es de documentos pessoais.<\/p>\n<p><a title=\"Formul\u00e1rio Pr\u00e9 Matricula - Col\u00e9gios Educare\" href=\"https:\/\/docs.google.com\/forms\/d\/1wgQ-bpYUjlcJYpKL4FxZ_jOfgr4uCGjwwPdfvnJCtfU\/\" target=\"_blank\">Formul\u00e1rio &#8211; Col\u00e9gios Educare <\/a><\/p>\n<p>Agora \u00e9 s\u00f3 aguardar o contato da escola para dar andamento no processo da matr\u00edcula.<\/p>\n<p><a title=\"Formul\u00e1rio Pr\u00e9 Matricula - Col\u00e9gios Educare\" href=\"https:\/\/docs.google.com\/forms\/d\/1wgQ-bpYUjlcJYpKL4FxZ_jOfgr4uCGjwwPdfvnJCtfU\/\" target=\"_blank\">Col\u00e9gios Educare <\/a>[\/vc_column_text][\/vc_column][\/vc_row][vc_row][vc_column][vc_separator style=&#8221;dashed&#8221;][\/vc_column][\/vc_row][vc_row][vc_column width=&#8221;1\/3&#8243;][vc_custom_heading text=&#8221;ENSINO M\u00c9DIO&#8221; font_container=&#8221;tag:h3|text_align:left&#8221; google_fonts=&#8221;font_family:Montserrat%3Aregular%2C700|font_style:400%20regular%3A400%3Anormal&#8221;][vc_column_text]O Ensino M\u00e9dio tem por objetivo a consolida\u00e7\u00e3o e o aprofundamento dos conhecimentos adquiridos no Ensino Fundamental, possibilitando o prosseguimento de estudos.[\/vc_column_text][vc_btn title=&#8221;Leia Mais&#8221; style=&#8221;flat&#8221; shape=&#8221;round&#8221; color=&#8221;juicy-pink&#8221; link=&#8221;url:http%3A%2F%2Fwww.colegioseducare.com.br%2Fv4%2Fensino-medio-2%2F|title:Ensino%20M%C3%A9dio||&#8221;][\/vc_column][vc_column width=&#8221;1\/3&#8243;][vc_custom_heading text=&#8221;ENSINO FUNDAMENTAL&#8221; font_container=&#8221;tag:h3|text_align:left&#8221; google_fonts=&#8221;font_family:Montserrat%3Aregular%2C700|font_style:400%20regular%3A400%3Anormal&#8221;][vc_column_text]Assegurar ao aluno a forma\u00e7\u00e3o comum, indispens\u00e1vel para participar como cidad\u00e3o na vida em sociedade, fornecendo-lhe meios de progredir no trabalho e em estudos posteriores.<\/p>\n<p>[\/vc_column_text][vc_btn title=&#8221;Leia Mais&#8221; shape=&#8221;round&#8221; color=&#8221;juicy-pink&#8221; link=&#8221;url:http%3A%2F%2Fwww.colegioseducare.com.br%2Fv4%2Fensino-fundamental-2%2F|title:Ensino%20Fundamental||&#8221;][\/vc_column][vc_column width=&#8221;1\/3&#8243;][vc_custom_heading text=&#8221;MISS\u00c3O VIS\u00c3O E VALORES EDUCARE&#8221; font_container=&#8221;tag:h3|text_align:left&#8221; google_fonts=&#8221;font_family:Montserrat%3Aregular%2C700|font_style:400%20regular%3A400%3Anormal&#8221;][vc_column_text]<\/p>\n<p style=\"text-align: left;\">O Col\u00e9gio Educare visa proporcionar \u00e0 crian\u00e7a e pr\u00e9-adolescente, o saber sentir, o saber inovar, o saber refletir, o saber fazer, o saber ser cr\u00edtico e o saber ser \u00e9tico.<\/p>\n<p>[\/vc_column_text][vc_btn title=&#8221;Leia Mais&#8221; style=&#8221;flat&#8221; shape=&#8221;round&#8221; color=&#8221;juicy-pink&#8221; link=&#8221;url:http%3A%2F%2Fwww.colegioseducare.com.br%2Fv4%2Fmissaoevalores%2F|title:MISS%C3%83O%20Miss%C3%A3o%20e%20Valores||&#8221;][\/vc_column][\/vc_row]<\/p>\n","protected":false},"excerpt":{"rendered":"<p>[vc_row][vc_column][vc_custom_heading text=&#8221;Pr\u00e9 Matr\u00edcula Online&#8221;][vc_column_text]\u00c9 muito simples: Basta preencher o formul\u00e1rio ONLINE no link abaixo e os dados ser\u00e1 enviado para a dire\u00e7\u00e3o da escola, um colaborador ir\u00e1 entrar em contato para validar a pr\u00e9 matr\u00edcula e marcar a data para assinar o contrato. O formul\u00e1rio \u00e9 criptografado pelo google docs e n\u00e3o solicita informa\u00e7\u00f5es de [&hellip;]<\/p>\n","protected":false},"author":1,"featured_media":0,"parent":0,"menu_order":0,"comment_status":"closed","ping_status":"closed","template":"","meta":{"ngg_post_thumbnail":0},"_links":{"self":[{"href":"https:\/\/www.colegioseducare.com.br\/v4\/wp-json\/wp\/v2\/pages\/1823"}],"collection":[{"href":"https:\/\/www.colegioseducare.com.br\/v4\/wp-json\/wp\/v2\/pages"}],"about":[{"href":"https:\/\/www.colegioseducare.com.br\/v4\/wp-json\/wp\/v2\/types\/page"}],"author":[{"embeddable":true,"href":"https:\/\/www.colegioseducare.com.br\/v4\/wp-json\/wp\/v2\/users\/1"}],"replies":[{"embeddable":true,"href":"https:\/\/www.colegioseducare.com.br\/v4\/wp-json\/wp\/v2\/comments?post=1823"}],"version-history":[{"count":4,"href":"https:\/\/www.colegioseducare.com.br\/v4\/wp-json\/wp\/v2\/pages\/1823\/revisions"}],"predecessor-version":[{"id":1835,"href":"https:\/\/www.colegioseducare.com.br\/v4\/wp-json\/wp\/v2\/pages\/1823\/revisions\/1835"}],"wp:attachment":[{"href":"https:\/\/www.colegioseducare.com.br\/v4\/wp-json\/wp\/v2\/media?parent=1823"}],"curies":[{"name":"wp","href":"https:\/\/api.w.org\/{rel}","templated":true}]}}