{"id":1848,"date":"2018-01-30T00:57:20","date_gmt":"2018-01-30T00:57:20","guid":{"rendered":"http:\/\/www.colegioseducare.com.br\/v4\/?page_id=1848"},"modified":"2022-01-26T20:30:35","modified_gmt":"2022-01-26T20:30:35","slug":"informativo-escolar","status":"publish","type":"page","link":"https:\/\/www.colegioseducare.com.br\/v4\/informativo-escolar\/","title":{"rendered":"Informativos"},"content":{"rendered":"<p>[vc_row][vc_column][vc_tta_tabs style=&#8221;modern&#8221; active_section=&#8221;1&#8243; title=&#8221;Informativos&#8221;][vc_tta_section title=&#8221;N\u00ba01\/22&#8243; tab_id=&#8221;1637068738577-901d4fd0-0109&#8243;][vc_column_text]<strong>26\/01\/2022<\/strong><br \/>\n<strong>INFORMATIVO N\u00ba01\/2022 &#8211; JANEIRO E FEVEREIRO<\/strong><\/p>\n<p><strong>29\/01:<\/strong> 1\u00aa Reuni\u00e3o de Pais e Mestres. Hor\u00e1rio das 9h \u00e0s 10h.<br \/>\nAssuntos: Apresenta\u00e7\u00e3o das novas Propostas Pedag\u00f3gicas, Ensino H\u00edbrido, Agenda escolar digital (Kid Note), Programa Bil\u00edngue, Rob\u00f3tica, Festividades, Atividades Sociais, Projetos Interdisciplinares, Atividades extraclasse, Atividades extracurriculares (Nata\u00e7\u00e3o, Bal\u00e9, Jud\u00f4 e Teatro).<\/p>\n<p><strong>29\/01:<\/strong> 2\u00aa Reuni\u00e3o de Pais com os alunos do 1\u00ba M\u00e9dio. Hor\u00e1rio: 10h \u00e0s 11h.<br \/>\nAssunto: Novo Ensino M\u00e9dio.<br \/>\nAten\u00e7\u00e3o: pedimos aos pais que participem das duas reuni\u00f5es.<\/p>\n<p>FEVEREIRO<br \/>\n&#8211; 01\/02: Livros Did\u00e1ticos: Conforme as orienta\u00e7\u00f5es da lista de livros, os pais dever\u00e3o adquirir os livros did\u00e1ticos, por conta pr\u00f3pria ou atrav\u00e9s do portal da Editora FTD.<\/p>\n<p><strong>28\/02:<\/strong> Atividades Suspensas &#8211; Emenda de Feriado &#8211; Carnaval &#8211; N\u00e3o haver\u00e1 aula.<\/p>\n<p>&#8211; Protocolos Sanit\u00e1rios (anexo).<\/p>\n<p>&#8211; Normas e procedimentos do Regimento Escolar:<\/p>\n<p>a) Seguir todas as orienta\u00e7\u00f5es dos Protocolos Sanit\u00e1rios (anexo).<\/p>\n<p>b) Uniforme Escolar: Todos os alunos, inclusive os do Ensino M\u00e9dio, dever\u00e3o usar diariamente o uniforme completo (inclusive t\u00eanis).<br \/>\nOs pais dos novos alunos ter\u00e3o um prazo de um m\u00eas para providenciarem o uniforme escolar.<br \/>\nA partir de 1\u00ba de mar\u00e7o todos dever\u00e3o vir uniformizados.<br \/>\nOs alunos que comparecerem sem o uniforme, aguardar\u00e3o na secretaria a presen\u00e7a do respons\u00e1vel que providenciar\u00e1 as pe\u00e7as necess\u00e1rias.<br \/>\nc) Informativos e comunicados: Ser\u00e3o enviados na Agenda Escolar Digital.<br \/>\nd) Atrasos: Os alunos que se atrasarem no hor\u00e1rio da entrada, dever\u00e3o aguardar no hall da secretaria e ap\u00f3s o contato com os pais, poder\u00e3o ingressar no in\u00edcio da 2\u00aa aula.<br \/>\ne) \u00c9 proibido: o uso de bon\u00e9s, gorros, capuz e mascar chicletes em todas as depend\u00eancias do col\u00e9gio.<br \/>\nf) Utiliza\u00e7\u00e3o de aparelho celular, tablet e\/ou similares: permitido apenas no hor\u00e1rio do intervalo, para os alunos da manh\u00e3, sendo o uso proibido para os alunos do per\u00edodo da tarde.<br \/>\ng) Alimentos, sucos e guloseimas: dever\u00e3o ser consumidos durante o intervalo, apenas no p\u00e1tio coberto e descoberto, sendo o consumo proibido, nas salas de aula ou demais depend\u00eancias do col\u00e9gio.<br \/>\nh) Materiais Escolares e Livros Did\u00e1ticos: Todos os alunos dever\u00e3o traz\u00ea-los diariamente para o perfeito desenvolvimento das atividades educacionais e pedag\u00f3gicas.<\/p>\n<p>DICA DO M\u00caS: O Elogio \u00e9 a for\u00e7a propulsora para o desenvolvimento das habilidades;<\/p>\n<p>&nbsp;<\/p>\n<p>Desde j\u00e1 agradecemos a colabora\u00e7\u00e3o de todos. Muito obrigada<br \/>\n<strong>A Dire\u00e7\u00e3o.<\/strong>[\/vc_column_text][\/vc_tta_section][vc_tta_section title=&#8221;N\u00ba20&#8243; tab_id=&#8221;1643224349969-8d4211e4-74a2&#8243;][vc_column_text]<strong>INFORMATIVO DE NOVEMBRO N\u00ba 20<\/strong><\/p>\n<p><strong>01<\/strong> &#8211; Atividades Suspensas &#8211; Emenda de Feriado &#8211; N\u00e3o haver\u00e1 aula.<\/p>\n<p><strong>02<\/strong> &#8211; Feriado &#8211; Dia dos Finados &#8211; N\u00e3o haver\u00e1 aula.<\/p>\n<p><strong>15<\/strong> &#8211; Feriado &#8211; Proclama\u00e7\u00e3o da Rep\u00fablica \u2013 N\u00e3o haver\u00e1 Aula.<\/p>\n<p><strong>19<\/strong> &#8211; Comemora\u00e7\u00e3o do Dia da Bandeira 1\u00ba ao 5\u00ba Ano<br \/>\nOs alunos ser\u00e3o reunidos no p\u00e1tio para acompanharem o Hino da Bandeira.<br \/>\nAs classes do 1\u00ba ao 5\u00ba Ano confeccionar\u00e3o lembran\u00e7as comemorativas.<\/p>\n<p><strong>22 a 29<\/strong> &#8211; Semana de Avalia\u00e7\u00f5es do 3\u00ba Trimestre (vide calend\u00e1rio anual e trimestral).<\/p>\n<p><strong>Retorno as Aulas Presenciais<\/strong>: O Conselho Estadual de Educa\u00e7\u00e3o, no uso de suas atribui\u00e7\u00f5es, com fundamento no art. 242 da Constitui\u00e7\u00e3o do Estado de S\u00e3o Paulo, publicou em 15\/10\/2021, a Delibera\u00e7\u00e3o CEE 204\/2021, que fixa normas para a retomada das aulas e atividades presenciais no Sistema de Ensino do Estado de S\u00e3o Paulo, da Educa\u00e7\u00e3o Infantil, do Ensino Fundamental, do Ensino M\u00e9dio e da Educa\u00e7\u00e3o Profissional T\u00e9cnica de N\u00edvel M\u00e9dio.<br \/>\nAs aulas e demais atividades presenciais dever\u00e3o ser retomadas integralmente, com o objetivo de atender a 100% dos estudantes e fica estabelecida a obrigatoriedade de os estudantes frequentarem as aulas e atividades presenciais na escola a partir de 18 de outubro de 2021.<\/p>\n<p>Desde j\u00e1 agradecemos a colabora\u00e7\u00e3o de todos. Muito obrigada<br \/>\n<strong>A Dire\u00e7\u00e3o.<\/strong>[\/vc_column_text][\/vc_tta_section][vc_tta_section title=&#8221;N\u00ba09&#8243; tab_id=&#8221;1618329397920-357681d3-0b62&#8243;][vc_column_text]<\/p>\n<h4><strong>INFORMATIVO&nbsp; N\u00ba 09<\/strong><\/h4>\n<h4><strong>05\/04\/2021<\/strong><\/h4>\n<p><strong>05 a 11:<\/strong> Conforme orienta\u00e7\u00f5es dos \u00f3rg\u00e3os competentes: \u201cS\u00e3o Bernardo continua na fase vermelha at\u00e9 11 de abril. As escolas p\u00fablicas e privadas tamb\u00e9m permanecem com a aulas presenciais suspensas\u201d.<\/p>\n<p><strong>07\/04:<\/strong> Comemora\u00e7\u00e3o do Dia Mundial da Sa\u00fade e Nutri\u00e7\u00e3o \u2013<strong>1\u00ba ao 5\u00ba Ano:<\/strong><br \/>\nA professora apresentar\u00e1 um V\u00eddeo Educativo, enfocando os principais h\u00e1bitos para mantermos a boa sa \u00fade com uma alimenta\u00e7\u00e3o saud\u00e1vel.<\/p>\n<p><strong>12 a 19:<\/strong> Semana das Avalia\u00e7\u00f5es do 1\u00ba Trimestre: Verificar as datas espec\u00edficas enviadas pela coordena\u00e7\u00e3o. Caso ocorra alguma altera\u00e7\u00e3o, por parte dos \u00f3rg\u00e3os competentes, iremos manter as aulas remotas durante a semana de avalia\u00e7\u00e3o.<\/p>\n<p><strong>19\/04:<\/strong> Comemora\u00e7\u00e3o do Dia do \u00cdndio &#8211; <strong>1\u00ba ao 5\u00ba Ano:<\/strong><br \/>\nApresenta\u00e7\u00e3o de uma pesquisa individual sobre o tema: Onde e como vive a atual popula\u00e7\u00e3o ind\u00edgena no Brasil.<\/p>\n<p><strong>21<\/strong> &#8211; Feriado de Tiradentes: N\u00e3o haver\u00e1 aula.<\/p>\n<p><strong>30<\/strong>\/\u2013 Conselho de Classe:<br \/>\nRealizaremos as duas reuni\u00f5es do Conselho de Classe com os professores, a dire\u00e7\u00e3o e a coordena\u00e7\u00e3o, ap\u00f3s o intervalo.<br \/>\nAssim, no per\u00edodo da manh\u00e3 haver\u00e1 aula at\u00e9 as 10h e a tarde at\u00e9 as 15h30.<\/p>\n<p><strong>Atenciosamente.<\/strong><br \/>\n<strong>A Dire\u00e7\u00e3o<\/strong>[\/vc_column_text][\/vc_tta_section][vc_tta_section title=&#8221;N\u00ba10&#8243; tab_id=&#8221;1618329397920-eff937a8-3b39&#8243;][vc_column_text]<strong>INFORMATIVO N\u00ba10<\/strong><\/p>\n<p><strong>Srs. Pais.<\/strong><br \/>\nDescrevemos a seguir mais uma determina\u00e7\u00e3o dos \u00f3rg\u00e3os competentes da Prefeitura de S\u00e3o Bernardo do Campo:<\/p>\n<p><strong>DECRETO N\u00ba 21.530, DE 9 DE ABRIL DE 2021.<\/strong><br \/>\n&#8230; Art. 8\u00ba \u00e1rea da educa\u00e7\u00e3o dever\u00e1 observar o seguinte:<br \/>\n&#8230; II &#8211; As escolas da rede particular de ensino &#8211; Infantil, Fundamental e M\u00e9dio &#8211; podem funcionar, a partir do dia 12 de abril de 2021, para organiza\u00e7\u00e3o da comunidade escolar, orienta\u00e7\u00e3o e comunica\u00e7\u00e3o das fam\u00edlias, sendo que as aulas presencias poder\u00e3o ser retomadas a partir do dia 14 de abril de 2021, observado os protocolos sanit\u00e1rios e a capacidade m\u00e1xima de 35% (trinta e cinco por cento) do declarado no Auto de Vistoria do Corpo de Bombeiro AVCB.<\/p>\n<p>Assim, poderemos retornar com o ensino hibrido (aulas presenciais e transmiss\u00e3o on-line em tempo real), na capacidade m\u00e1xima de 35% do declarado no Auto de Vistoria do Corpo de Bombeiro AVCB.<br \/>\nEsclarecemos aos Srs. Pais e Alunos, que devido a realiza\u00e7\u00e3o das Avalia\u00e7\u00f5es Trimestrais, iniciaremos as aulas presenciais no dia 19 de abril e para que possamos organizar o retorno, solicitamos a todos que enviem sua a resposta, <strong>ANOTANDO: AULAS PRESENCIAIS OU AULAS REMOTAS NO WHATSAPP DO EDUCARE (4173-2003) AT\u00c9 O DIA 15 DE ABRIL.<\/strong><\/p>\n<p>Agradecemos a colabora\u00e7\u00e3o de todos.<br \/>\n<strong>Muito obrigada<\/strong><br \/>\n<strong>A Dire\u00e7\u00e3o.<\/strong>[\/vc_column_text][\/vc_tta_section][\/vc_tta_tabs][vc_tta_tabs style=&#8221;modern&#8221; active_section=&#8221;1&#8243; title=&#8221;Informativos&#8221;][vc_tta_section title=&#8221;N\u00ba20&#8243; tab_id=&#8221;1643224354121-fb336f84-a68c&#8221;][vc_column_text]<strong>INFORMATIVO DE NOVEMBRO N\u00ba 20<\/strong><\/p>\n<p><strong>01<\/strong> &#8211; Atividades Suspensas &#8211; Emenda de Feriado &#8211; N\u00e3o haver\u00e1 aula.<\/p>\n<p><strong>02<\/strong> &#8211; Feriado &#8211; Dia dos Finados &#8211; N\u00e3o haver\u00e1 aula.<\/p>\n<p><strong>15<\/strong> &#8211; Feriado &#8211; Proclama\u00e7\u00e3o da Rep\u00fablica \u2013 N\u00e3o haver\u00e1 Aula.<\/p>\n<p><strong>19<\/strong> &#8211; Comemora\u00e7\u00e3o do Dia da Bandeira 1\u00ba ao 5\u00ba Ano<br \/>\nOs alunos ser\u00e3o reunidos no p\u00e1tio para acompanharem o Hino da Bandeira.<br \/>\nAs classes do 1\u00ba ao 5\u00ba Ano confeccionar\u00e3o lembran\u00e7as comemorativas.<\/p>\n<p><strong>22 a 29<\/strong> &#8211; Semana de Avalia\u00e7\u00f5es do 3\u00ba Trimestre (vide calend\u00e1rio anual e trimestral).<\/p>\n<p><strong>Retorno as Aulas Presenciais<\/strong>: O Conselho Estadual de Educa\u00e7\u00e3o, no uso de suas atribui\u00e7\u00f5es, com fundamento no art. 242 da Constitui\u00e7\u00e3o do Estado de S\u00e3o Paulo, publicou em 15\/10\/2021, a Delibera\u00e7\u00e3o CEE 204\/2021, que fixa normas para a retomada das aulas e atividades presenciais no Sistema de Ensino do Estado de S\u00e3o Paulo, da Educa\u00e7\u00e3o Infantil, do Ensino Fundamental, do Ensino M\u00e9dio e da Educa\u00e7\u00e3o Profissional T\u00e9cnica de N\u00edvel M\u00e9dio.<br \/>\nAs aulas e demais atividades presenciais dever\u00e3o ser retomadas integralmente, com o objetivo de atender a 100% dos estudantes e fica estabelecida a obrigatoriedade de os estudantes frequentarem as aulas e atividades presenciais na escola a partir de 18 de outubro de 2021.<\/p>\n<p>Desde j\u00e1 agradecemos a colabora\u00e7\u00e3o de todos. Muito obrigada<br \/>\n<strong>A Dire\u00e7\u00e3o.<\/strong>[\/vc_column_text][\/vc_tta_section][vc_tta_section title=&#8221;N\u00ba20&#8243; tab_id=&#8221;1643224354122-868cfc0d-2814&#8243;][vc_column_text]<strong>INFORMATIVO DE NOVEMBRO N\u00ba 20<\/strong><\/p>\n<p><strong>01<\/strong> &#8211; Atividades Suspensas &#8211; Emenda de Feriado &#8211; N\u00e3o haver\u00e1 aula.<\/p>\n<p><strong>02<\/strong> &#8211; Feriado &#8211; Dia dos Finados &#8211; N\u00e3o haver\u00e1 aula.<\/p>\n<p><strong>15<\/strong> &#8211; Feriado &#8211; Proclama\u00e7\u00e3o da Rep\u00fablica \u2013 N\u00e3o haver\u00e1 Aula.<\/p>\n<p><strong>19<\/strong> &#8211; Comemora\u00e7\u00e3o do Dia da Bandeira 1\u00ba ao 5\u00ba Ano<br \/>\nOs alunos ser\u00e3o reunidos no p\u00e1tio para acompanharem o Hino da Bandeira.<br \/>\nAs classes do 1\u00ba ao 5\u00ba Ano confeccionar\u00e3o lembran\u00e7as comemorativas.<\/p>\n<p><strong>22 a 29<\/strong> &#8211; Semana de Avalia\u00e7\u00f5es do 3\u00ba Trimestre (vide calend\u00e1rio anual e trimestral).<\/p>\n<p><strong>Retorno as Aulas Presenciais<\/strong>: O Conselho Estadual de Educa\u00e7\u00e3o, no uso de suas atribui\u00e7\u00f5es, com fundamento no art. 242 da Constitui\u00e7\u00e3o do Estado de S\u00e3o Paulo, publicou em 15\/10\/2021, a Delibera\u00e7\u00e3o CEE 204\/2021, que fixa normas para a retomada das aulas e atividades presenciais no Sistema de Ensino do Estado de S\u00e3o Paulo, da Educa\u00e7\u00e3o Infantil, do Ensino Fundamental, do Ensino M\u00e9dio e da Educa\u00e7\u00e3o Profissional T\u00e9cnica de N\u00edvel M\u00e9dio.<br \/>\nAs aulas e demais atividades presenciais dever\u00e3o ser retomadas integralmente, com o objetivo de atender a 100% dos estudantes e fica estabelecida a obrigatoriedade de os estudantes frequentarem as aulas e atividades presenciais na escola a partir de 18 de outubro de 2021.<\/p>\n<p>Desde j\u00e1 agradecemos a colabora\u00e7\u00e3o de todos. Muito obrigada<br \/>\n<strong>A Dire\u00e7\u00e3o.<\/strong>[\/vc_column_text][\/vc_tta_section][vc_tta_section title=&#8221;N\u00ba09&#8243; tab_id=&#8221;1643224354123-af3d33fb-c525&#8243;][vc_column_text]<\/p>\n<h4><strong>INFORMATIVO&nbsp; N\u00ba 09<\/strong><\/h4>\n<h4><strong>05\/04\/2021<\/strong><\/h4>\n<p><strong>05 a 11:<\/strong> Conforme orienta\u00e7\u00f5es dos \u00f3rg\u00e3os competentes: \u201cS\u00e3o Bernardo continua na fase vermelha at\u00e9 11 de abril. As escolas p\u00fablicas e privadas tamb\u00e9m permanecem com a aulas presenciais suspensas\u201d.<\/p>\n<p><strong>07\/04:<\/strong> Comemora\u00e7\u00e3o do Dia Mundial da Sa\u00fade e Nutri\u00e7\u00e3o \u2013<strong>1\u00ba ao 5\u00ba Ano:<\/strong><br \/>\nA professora apresentar\u00e1 um V\u00eddeo Educativo, enfocando os principais h\u00e1bitos para mantermos a boa sa \u00fade com uma alimenta\u00e7\u00e3o saud\u00e1vel.<\/p>\n<p><strong>12 a 19:<\/strong> Semana das Avalia\u00e7\u00f5es do 1\u00ba Trimestre: Verificar as datas espec\u00edficas enviadas pela coordena\u00e7\u00e3o. Caso ocorra alguma altera\u00e7\u00e3o, por parte dos \u00f3rg\u00e3os competentes, iremos manter as aulas remotas durante a semana de avalia\u00e7\u00e3o.<\/p>\n<p><strong>19\/04:<\/strong> Comemora\u00e7\u00e3o do Dia do \u00cdndio &#8211; <strong>1\u00ba ao 5\u00ba Ano:<\/strong><br \/>\nApresenta\u00e7\u00e3o de uma pesquisa individual sobre o tema: Onde e como vive a atual popula\u00e7\u00e3o ind\u00edgena no Brasil.<\/p>\n<p><strong>21<\/strong> &#8211; Feriado de Tiradentes: N\u00e3o haver\u00e1 aula.<\/p>\n<p><strong>30<\/strong>\/\u2013 Conselho de Classe:<br \/>\nRealizaremos as duas reuni\u00f5es do Conselho de Classe com os professores, a dire\u00e7\u00e3o e a coordena\u00e7\u00e3o, ap\u00f3s o intervalo.<br \/>\nAssim, no per\u00edodo da manh\u00e3 haver\u00e1 aula at\u00e9 as 10h e a tarde at\u00e9 as 15h30.<\/p>\n<p><strong>Atenciosamente.<\/strong><br \/>\n<strong>A Dire\u00e7\u00e3o<\/strong>[\/vc_column_text][\/vc_tta_section][vc_tta_section title=&#8221;N\u00ba10&#8243; tab_id=&#8221;1643224354123-b9782b10-61bc&#8221;][vc_column_text]<strong>INFORMATIVO N\u00ba10<\/strong><\/p>\n<p><strong>Srs. Pais.<\/strong><br \/>\nDescrevemos a seguir mais uma determina\u00e7\u00e3o dos \u00f3rg\u00e3os competentes da Prefeitura de S\u00e3o Bernardo do Campo:<\/p>\n<p><strong>DECRETO N\u00ba 21.530, DE 9 DE ABRIL DE 2021.<\/strong><br \/>\n&#8230; Art. 8\u00ba \u00e1rea da educa\u00e7\u00e3o dever\u00e1 observar o seguinte:<br \/>\n&#8230; II &#8211; As escolas da rede particular de ensino &#8211; Infantil, Fundamental e M\u00e9dio &#8211; podem funcionar, a partir do dia 12 de abril de 2021, para organiza\u00e7\u00e3o da comunidade escolar, orienta\u00e7\u00e3o e comunica\u00e7\u00e3o das fam\u00edlias, sendo que as aulas presencias poder\u00e3o ser retomadas a partir do dia 14 de abril de 2021, observado os protocolos sanit\u00e1rios e a capacidade m\u00e1xima de 35% (trinta e cinco por cento) do declarado no Auto de Vistoria do Corpo de Bombeiro AVCB.<\/p>\n<p>Assim, poderemos retornar com o ensino hibrido (aulas presenciais e transmiss\u00e3o on-line em tempo real), na capacidade m\u00e1xima de 35% do declarado no Auto de Vistoria do Corpo de Bombeiro AVCB.<br \/>\nEsclarecemos aos Srs. Pais e Alunos, que devido a realiza\u00e7\u00e3o das Avalia\u00e7\u00f5es Trimestrais, iniciaremos as aulas presenciais no dia 19 de abril e para que possamos organizar o retorno, solicitamos a todos que enviem sua a resposta, <strong>ANOTANDO: AULAS PRESENCIAIS OU AULAS REMOTAS NO WHATSAPP DO EDUCARE (4173-2003) AT\u00c9 O DIA 15 DE ABRIL.<\/strong><\/p>\n<p>Agradecemos a colabora\u00e7\u00e3o de todos.<br \/>\n<strong>Muito obrigada<\/strong><br \/>\n<strong>A Dire\u00e7\u00e3o.<\/strong>[\/vc_column_text][\/vc_tta_section][\/vc_tta_tabs][vc_column_text]<\/p>\n<blockquote><p><strong><em>Click no link abaixo para baixar o informativo, sempre \u00faltimo informativo em primeiro:<\/em><\/strong><\/p><\/blockquote>\n<p>&nbsp;<\/p>\n<p><a href=\"https:\/\/drive.google.com\/file\/d\/1uJnCMk78D5EuhrBPufr3cFhSJ7aVjmxo\/view?usp=sharing\">FEVEREIRO\/2021 &#8211; Informativo Escolar<\/a><\/p>\n<p><a href=\"https:\/\/drive.google.com\/file\/d\/1Q-zuL6jXdRAjT_n7GjnzS10r75rAvSFk\/view?usp=sharing\">JULHO\/2020 &#8211; Orienta\u00e7\u00e3o para a retomada das aulas.<\/a><\/p>\n<p><a title=\"OUTUBRO\/2019 - Informativo Escolar\" href=\"https:\/\/drive.google.com\/file\/d\/1XsgwLhQKtGBUvVFL1g337uwCFgmUUm5K\/view?usp=sharing\" target=\"_blank\" rel=\"noopener noreferrer\">ABRIL\/2020 &#8211; Comunicado &#8211; Fundamental I<\/a><\/p>\n<p><a title=\"OUTUBRO\/2019 - Informativo Escolar\" href=\"https:\/\/drive.google.com\/file\/d\/13JGKQ-__DCLMW2OaA9rQrACC1b10bwUC\/view?usp=sharing\" target=\"_blank\" rel=\"noopener noreferrer\">ABRIL\/2020 &#8211; Comunicado &#8211; Fundamental II e Ensino M\u00e9dio<\/a><\/p>\n<p><a title=\"OUTUBRO\/2019 - Informativo Escolar\" href=\"https:\/\/drive.google.com\/file\/d\/1NMON5Lnrt4QwyiQP5vPqiLfT8E99cMfE\/view?usp=sharing\" target=\"_blank\" rel=\"noopener noreferrer\">MAR\u00c7O\/2020 &#8211; Informativo Escolar<\/a>[\/vc_column_text][\/vc_column][vc_column][\/vc_column][vc_column][\/vc_column][vc_column][\/vc_column][\/vc_row][vc_row][vc_column][vc_separator style=&#8221;dashed&#8221;][\/vc_column][\/vc_row][vc_row][vc_column width=&#8221;1\/3&#8243;][vc_custom_heading text=&#8221;ENSINO M\u00c9DIO&#8221; font_container=&#8221;tag:h3|text_align:left&#8221; google_fonts=&#8221;font_family:Montserrat%3Aregular%2C700|font_style:400%20regular%3A400%3Anormal&#8221;][vc_column_text]O Ensino M\u00e9dio tem por objetivo a consolida\u00e7\u00e3o e o aprofundamento dos conhecimentos adquiridos no Ensino Fundamental, possibilitando o prosseguimento de estudos.[\/vc_column_text][vc_btn title=&#8221;Leia Mais&#8221; shape=&#8221;round&#8221; color=&#8221;juicy-pink&#8221; link=&#8221;url:http%3A%2F%2Fwww.colegioseducare.com.br%2Fv4%2Fensino-medio-2%2F|title:Ensino%20M%C3%A9dio||&#8221;][\/vc_column][vc_column width=&#8221;1\/3&#8243;][vc_custom_heading text=&#8221;SOBRE A EDUCARE&#8221; font_container=&#8221;tag:h3|text_align:left&#8221; google_fonts=&#8221;font_family:Montserrat%3Aregular%2C700|font_style:400%20regular%3A400%3Anormal&#8221;][vc_column_text]Saiba mais sobre a Educare na linha cronol\u00f3gica como foi o in\u00edcio e nossa trajet\u00f3ria, o porqu\u00ea do nome EDUCARE. Nossos alunos e colaboradores fazem parte desta hist\u00f3ria![\/vc_column_text][vc_btn title=&#8221;Leia Mais&#8221; shape=&#8221;round&#8221; color=&#8221;juicy-pink&#8221; link=&#8221;url:http%3A%2F%2Fwww.colegioseducare.com.br%2Fv4%2Fensino-fundamental-2%2F|title:Ensino%20Fundamental||&#8221;][\/vc_column][vc_column width=&#8221;1\/3&#8243;][vc_custom_heading text=&#8221;MISS\u00c3O VIS\u00c3O E VALORES EDUCARE&#8221; font_container=&#8221;tag:h3|text_align:left&#8221; google_fonts=&#8221;font_family:Montserrat%3Aregular%2C700|font_style:400%20regular%3A400%3Anormal&#8221;][vc_column_text]O Col\u00e9gio Educare visa proporcionar \u00e0 crian\u00e7a e pr\u00e9-adolescente, o saber sentir, o saber inovar, o saber refletir, o saber fazer, o saber ser cr\u00edtico e o saber ser \u00e9tico.<\/p>\n<p>[\/vc_column_text][vc_btn title=&#8221;Leia Mais&#8221; shape=&#8221;round&#8221; color=&#8221;juicy-pink&#8221; link=&#8221;url:http%3A%2F%2Fwww.colegioseducare.com.br%2Fv4%2Fmissaoevalores%2F|title:MISS%C3%83O%20Miss%C3%A3o%20e%20Valores||&#8221;][\/vc_column][\/vc_row][vc_row][vc_column][vc_column_text]<\/p>\n<p>[\/vc_column_text][\/vc_column][\/vc_row]<\/p>\n","protected":false},"excerpt":{"rendered":"<p>[vc_row][vc_column][vc_tta_tabs style=&#8221;modern&#8221; active_section=&#8221;1&#8243; title=&#8221;Informativos&#8221;][vc_tta_section title=&#8221;N\u00ba01\/22&#8243; tab_id=&#8221;1637068738577-901d4fd0-0109&#8243;][vc_column_text]26\/01\/2022 INFORMATIVO N\u00ba01\/2022 &#8211; JANEIRO E FEVEREIRO 29\/01: 1\u00aa Reuni\u00e3o de Pais e Mestres. Hor\u00e1rio das 9h \u00e0s 10h. Assuntos: Apresenta\u00e7\u00e3o das novas Propostas Pedag\u00f3gicas, Ensino H\u00edbrido, Agenda escolar digital (Kid Note), Programa Bil\u00edngue, Rob\u00f3tica, Festividades, Atividades Sociais, Projetos Interdisciplinares, Atividades extraclasse, Atividades extracurriculares (Nata\u00e7\u00e3o, Bal\u00e9, Jud\u00f4 e Teatro). 29\/01: [&hellip;]<\/p>\n","protected":false},"author":1,"featured_media":0,"parent":0,"menu_order":0,"comment_status":"closed","ping_status":"closed","template":"","meta":{"ngg_post_thumbnail":0},"_links":{"self":[{"href":"https:\/\/www.colegioseducare.com.br\/v4\/wp-json\/wp\/v2\/pages\/1848"}],"collection":[{"href":"https:\/\/www.colegioseducare.com.br\/v4\/wp-json\/wp\/v2\/pages"}],"about":[{"href":"https:\/\/www.colegioseducare.com.br\/v4\/wp-json\/wp\/v2\/types\/page"}],"author":[{"embeddable":true,"href":"https:\/\/www.colegioseducare.com.br\/v4\/wp-json\/wp\/v2\/users\/1"}],"replies":[{"embeddable":true,"href":"https:\/\/www.colegioseducare.com.br\/v4\/wp-json\/wp\/v2\/comments?post=1848"}],"version-history":[{"count":39,"href":"https:\/\/www.colegioseducare.com.br\/v4\/wp-json\/wp\/v2\/pages\/1848\/revisions"}],"predecessor-version":[{"id":2115,"href":"https:\/\/www.colegioseducare.com.br\/v4\/wp-json\/wp\/v2\/pages\/1848\/revisions\/2115"}],"wp:attachment":[{"href":"https:\/\/www.colegioseducare.com.br\/v4\/wp-json\/wp\/v2\/media?parent=1848"}],"curies":[{"name":"wp","href":"https:\/\/api.w.org\/{rel}","templated":true}]}}