{"id":793,"date":"2015-06-30T09:41:33","date_gmt":"2015-06-30T09:41:33","guid":{"rendered":"http:\/\/masterstudy.stylemixthemes.com\/demo\/?page_id=793"},"modified":"2019-08-26T19:47:58","modified_gmt":"2019-08-26T19:47:58","slug":"contato-2","status":"publish","type":"page","link":"https:\/\/www.colegioseducare.com.br\/v4\/contato-2\/","title":{"rendered":"Contato"},"content":{"rendered":"<p>[vc_row css=&#8221;.vc_custom_1435659486461{margin-bottom: 0px !important;}&#8221;][vc_column width=&#8221;1\/2&#8243; el_class=&#8221;stm_icon_box_responsive&#8221;][vc_custom_heading text=&#8221;INFORMA\u00c7\u00d5ES E CONTATO:&#8221; font_container=&#8221;tag:h3|text_align:left&#8221; google_fonts=&#8221;font_family:Montserrat%3Aregular%2C700|font_style:700%20bold%20regular%3A700%3Anormal&#8221; css=&#8221;.vc_custom_1496086014861{margin-top: -20px !important;margin-bottom: 35px !important;}&#8221;][vc_wp_links][stm_icon_box title_holder=&#8221;h5&#8243; icon=&#8221;fa-icon-stm_icon_pin-o&#8221; icon_size=&#8221;35&#8243; icon_align=&#8221;left&#8221; icon_width=&#8221;35&#8243; icon_color=&#8221;#eab830&#8243; title=&#8221;Endere\u00e7o Postal:&#8221; box_bg_color=&#8221;#ffffff&#8221; box_text_color=&#8221;#555555&#8243; css=&#8221;.vc_custom_1496086274188{margin-top: 0px !important;border-top-width: 1px !important;border-bottom-width: 1px !important;padding-top: 30px !important;padding-right: 0px !important;padding-bottom: 14px !important;padding-left: 0px !important;border-top-color: #e1e2e4 !important;border-top-style: solid !important;border-bottom-color: #e1e2e4 !important;border-bottom-style: solid !important;}&#8221; css_icon=&#8221;.vc_custom_1496086274177{padding-left: 7px !important;}&#8221;]Rua: Dr\u00e1usio, 960, Paulic\u00e9ia S\u00e3o Bernardo do Campo &#8211; SP. CEP <span class=\"st\">09684-000<\/span>[\/stm_icon_box][stm_icon_box title_holder=&#8221;h5&#8243; link_color_style=&#8221;dark&#8221; icon=&#8221;fa fa-facebook-square&#8221; icon_size=&#8221;33&#8243; icon_align=&#8221;left&#8221; icon_width=&#8221;35&#8243; icon_color=&#8221;#eab830&#8243; title=&#8221;Facebook Educare&#8221; box_bg_color=&#8221;#ffffff&#8221; box_text_color=&#8221;#555555&#8243; css=&#8221;.vc_custom_1500244146562{margin-top: 27px !important;border-bottom-width: 1px !important;padding-top: 0px !important;padding-right: 15px !important;padding-bottom: 17px !important;padding-left: 0px !important;border-bottom-color: #e1e2e4 !important;border-bottom-style: solid !important;}&#8221; css_icon=&#8221;.vc_custom_1500244146548{padding-left: 7px !important;}&#8221;]<a title=\"Facebook Educare\" href=\"https:\/\/www.facebook.com\/pg\/colegioseducare\" target=\"_blank\">\u00a0Facebook Educare<\/a>[\/stm_icon_box][vc_row_inner css=&#8221;.vc_custom_1435139343164{margin-bottom: 0px !important;}&#8221;][vc_column_inner el_class=&#8221;stm_sm_gutter_back&#8221; css=&#8221;.vc_custom_1436791397964{padding-right: 0px !important;}&#8221; offset=&#8221;vc_col-lg-6 vc_col-md-6&#8243;][stm_icon_box title_holder=&#8221;h5&#8243; link_color_style=&#8221;dark&#8221; icon=&#8221;fa-icon-stm_icon_phone-o&#8221; icon_size=&#8221;33&#8243; icon_align=&#8221;left&#8221; icon_width=&#8221;35&#8243; icon_color=&#8221;#eab830&#8243; title=&#8221;Telefone Unidade Dr\u00e1usio&#8221; box_bg_color=&#8221;#ffffff&#8221; box_text_color=&#8221;#555555&#8243; css=&#8221;.vc_custom_1517972073251{margin-top: 27px !important;border-bottom-width: 1px !important;padding-top: 0px !important;padding-right: 15px !important;padding-bottom: 17px !important;padding-left: 0px !important;border-bottom-color: #e1e2e4 !important;border-bottom-style: solid !important;}&#8221; css_icon=&#8221;.vc_custom_1517972073250{padding-left: 7px !important;}&#8221;](011) 4173-2003 &#8211; 4178-4511<\/p>\n<p>WhatsApp (011)4173-2003[\/stm_icon_box][\/vc_column_inner][\/vc_row_inner][\/vc_column][vc_column width=&#8221;1\/2&#8243;][vc_custom_heading text=&#8221;LOCALIZA\u00c7\u00c3O NO MAPA:&#8221; font_container=&#8221;tag:h3|text_align:left&#8221; google_fonts=&#8221;font_family:Montserrat%3Aregular%2C700|font_style:700%20bold%20regular%3A700%3Anormal&#8221; css=&#8221;.vc_custom_1496085957014{margin-top: -20px !important;margin-bottom: 35px !important;}&#8221;][vc_gmaps link=&#8221;#E-8_JTNDaWZyYW1lJTIwc3JjJTNEJTIyaHR0cHMlM0ElMkYlMkZ3d3cuZ29vZ2xlLmNvbSUyRm1hcHMlMkZlbWJlZCUzRnBiJTNEJTIxMW0xOCUyMTFtMTIlMjExbTMlMjExZDM2NTQuMTU0NzA4NzU5NjI4JTIxMmQtNDYuNTk4NDkzNjg1MzcxODYlMjEzZC0yMy42NzA0MjQ3NzE1MTMyNiUyMTJtMyUyMTFmMCUyMTJmMCUyMTNmMCUyMTNtMiUyMTFpMTAyNCUyMTJpNzY4JTIxNGYxMy4xJTIxM20zJTIxMW0yJTIxMXMweDk0Y2U0NDlmMDRhNjhiYTUlMjUzQTB4ZTlhZjMzYzk5MzNlNTkwYiUyMTJzUnVhJTJCRHIlMjVDMyUyNUExdXNpbyUyNTJDJTJCOTYwJTJCLSUyQlBhdWxpYyUyNUMzJTI1QTlpYSUyNTJDJTJCUyUyNUMzJTI1QTNvJTJCQmVybmFyZG8lMkJkbyUyQkNhbXBvJTJCLSUyQlNQJTI1MkMlMkJCcmF6aWwlMjE1ZTAlMjEzbTIlMjExc2VuJTIxMnN1cyUyMTR2MTQ5NjA4MjM3MjMxMyUyMiUyMHdpZHRoJTNEJTIyNjAwJTIyJTIwaGVpZ2h0JTNEJTIyNDUwJTIyJTIwZnJhbWVib3JkZXIlM0QlMjIwJTIyJTIwc3R5bGUlM0QlMjJib3JkZXIlM0EwJTIyJTIwYWxsb3dmdWxsc2NyZWVuJTNFJTNDJTJGaWZyYW1lJTNF&#8221; size=&#8221;266&#8243;][\/vc_column][\/vc_row][vc_row][vc_column][stm_multy_separator css=&#8221;.vc_custom_1435665826984{margin-top: 39px !important;margin-bottom: 0px !important;}&#8221;][\/vc_column][\/vc_row][vc_row css=&#8221;.vc_custom_1435665045394{margin-bottom: 0px !important;}&#8221;][vc_column width=&#8221;2\/3&#8243; css=&#8221;.vc_custom_1437478190523{margin-right: 0px !important;margin-bottom: 20px !important;padding-right: 64px !important;}&#8221; el_class=&#8221;custom-border&#8221;][vc_column_text]<a href=\"https:\/\/docs.google.com\/forms\/d\/e\/1FAIpQLScfGWcnrdN78lwra0m7AuYLNPxcDS8XJAkwPh3Mh-cZaFfFcQ\/viewform?usp=sf_link\" target=\"_blank\">Se preferir enviar uma mensagem diretamente para escola poder\u00e1 usar este formul\u00e1rio de contato do google que preparamos para voc\u00ea enviar sua mensagem.<\/a>[\/vc_column_text][\/vc_column][vc_column width=&#8221;1\/3&#8243; css=&#8221;.vc_custom_1435665074871{margin-bottom: 20px !important;}&#8221;][vc_custom_heading text=&#8221;SEU CONTATO&#8221; font_container=&#8221;tag:h3|text_align:left&#8221; google_fonts=&#8221;font_family:Montserrat%3Aregular%2C700|font_style:700%20bold%20regular%3A700%3Anormal&#8221; css=&#8221;.vc_custom_1496086596395{margin-bottom: 37px !important;}&#8221;][stm_contact name=&#8221;Paula&#8221; image=&#8221;1490&#8243; job=&#8221;Diretora da Institui\u00e7\u00e3o&#8221; phone=&#8221;4173-2003&#8243; email=&#8221;secretaria@colegioseducare.com.br&#8221;][stm_contact name=&#8221;Vanessa&#8221; image=&#8221;1490&#8243; job=&#8221;Secret\u00e1ria&#8221; phone=&#8221;(11) 4178-4511&#8243; email=&#8221;secretaria@colegioseducare.com.br&#8221;][\/vc_column][\/vc_row]<\/p>\n","protected":false},"excerpt":{"rendered":"<p>[vc_row css=&#8221;.vc_custom_1435659486461{margin-bottom: 0px !important;}&#8221;][vc_column width=&#8221;1\/2&#8243; el_class=&#8221;stm_icon_box_responsive&#8221;][vc_custom_heading text=&#8221;INFORMA\u00c7\u00d5ES E CONTATO:&#8221; font_container=&#8221;tag:h3|text_align:left&#8221; google_fonts=&#8221;font_family:Montserrat%3Aregular%2C700|font_style:700%20bold%20regular%3A700%3Anormal&#8221; css=&#8221;.vc_custom_1496086014861{margin-top: -20px !important;margin-bottom: 35px !important;}&#8221;][vc_wp_links][stm_icon_box title_holder=&#8221;h5&#8243; icon=&#8221;fa-icon-stm_icon_pin-o&#8221; icon_size=&#8221;35&#8243; icon_align=&#8221;left&#8221; icon_width=&#8221;35&#8243; icon_color=&#8221;#eab830&#8243; title=&#8221;Endere\u00e7o Postal:&#8221; box_bg_color=&#8221;#ffffff&#8221; box_text_color=&#8221;#555555&#8243; css=&#8221;.vc_custom_1496086274188{margin-top: 0px !important;border-top-width: 1px !important;border-bottom-width: 1px !important;padding-top: 30px !important;padding-right: 0px !important;padding-bottom: 14px !important;padding-left: 0px !important;border-top-color: #e1e2e4 !important;border-top-style: solid !important;border-bottom-color: #e1e2e4 !important;border-bottom-style: solid !important;}&#8221; css_icon=&#8221;.vc_custom_1496086274177{padding-left: 7px !important;}&#8221;]Rua: Dr\u00e1usio, 960, Paulic\u00e9ia [&hellip;]<\/p>\n","protected":false},"author":1,"featured_media":0,"parent":0,"menu_order":0,"comment_status":"closed","ping_status":"open","template":"","meta":{"ngg_post_thumbnail":0},"_links":{"self":[{"href":"https:\/\/www.colegioseducare.com.br\/v4\/wp-json\/wp\/v2\/pages\/793"}],"collection":[{"href":"https:\/\/www.colegioseducare.com.br\/v4\/wp-json\/wp\/v2\/pages"}],"about":[{"href":"https:\/\/www.colegioseducare.com.br\/v4\/wp-json\/wp\/v2\/types\/page"}],"author":[{"embeddable":true,"href":"https:\/\/www.colegioseducare.com.br\/v4\/wp-json\/wp\/v2\/users\/1"}],"replies":[{"embeddable":true,"href":"https:\/\/www.colegioseducare.com.br\/v4\/wp-json\/wp\/v2\/comments?post=793"}],"version-history":[{"count":24,"href":"https:\/\/www.colegioseducare.com.br\/v4\/wp-json\/wp\/v2\/pages\/793\/revisions"}],"predecessor-version":[{"id":1909,"href":"https:\/\/www.colegioseducare.com.br\/v4\/wp-json\/wp\/v2\/pages\/793\/revisions\/1909"}],"wp:attachment":[{"href":"https:\/\/www.colegioseducare.com.br\/v4\/wp-json\/wp\/v2\/media?parent=793"}],"curies":[{"name":"wp","href":"https:\/\/api.w.org\/{rel}","templated":true}]}}