{"id":889,"date":"2015-07-02T05:10:48","date_gmt":"2015-07-02T05:10:48","guid":{"rendered":"http:\/\/masterstudy.stylemixthemes.com\/demo\/?page_id=889"},"modified":"2022-02-15T19:15:08","modified_gmt":"2022-02-15T19:15:08","slug":"sobre-nos","status":"publish","type":"page","link":"https:\/\/www.colegioseducare.com.br\/v4\/sobre-nos\/","title":{"rendered":"Sobre N\u00f3s"},"content":{"rendered":"<p>[vc_row][vc_column width=&#8221;1\/2&#8243;][vc_column_text]<\/p>\n<h1 style=\"margin-top: 15px;\">O INICIO DA EDUCARE<\/h1>\n<p>H\u00e1 42 anos, &nbsp;surgia um sonho de transmitir conhecimentos e valores, atrav\u00e9s da alegria e da vontade de aprender das crian\u00e7as. Surgiu assim,&nbsp; a Escola de Educa\u00e7\u00e3o Infantil&nbsp; Pitoquinho, no Bairro da Paulic\u00e9ia em S\u00e3o Bernardo do Campo.[\/vc_column_text][vc_column_text]<\/p>\n<h2>Em maio de 1980<\/h2>\n<p>O col\u00e9gio mudou para a casa na Rua Joaquim Jos\u00e9 de Fran\u00e7a, n\u00ba 26, Bairro da Paulic\u00e9ia,&nbsp; S\u00e3o Bernardo do Campo, onde funcionou o&nbsp; pr\u00e9dio da Unidade I.[\/vc_column_text][vc_column_text]<\/p>\n<h3>Em 1999<\/h3>\n<p>Em 1999, um novo sonho surgia,&nbsp; complementar a vida acad\u00eamica, com &nbsp;implanta\u00e7\u00e3o da 1\u00aa a 4\u00aa S\u00e9rie do Ensino Fundamental.[\/vc_column_text][\/vc_column][vc_column width=&#8221;1\/2&#8243;][vc_column_text]<\/p>\n<h3>Agosto de 2003<\/h3>\n<p>Em&nbsp; 2003 com a&nbsp; inaugura\u00e7\u00e3o &nbsp;do novo pr\u00e9dio, surgiu o Col\u00e9gio Educare, com o 1\u00ba Ano ao 9\u00ba Ano&nbsp; do Ensino Fundamental e em 2007 iniciamos o Ensino M\u00e9dio, &nbsp;com determina\u00e7\u00e3o e experi\u00eancia para proporcionar o melhor ensino aos seus alunos.[\/vc_column_text][vc_column_text]<\/p>\n<h3>Em 2010<\/h3>\n<p>No ano de 2010 iniciamos o Ensino M\u00e9dio.[\/vc_column_text][vc_column_text]<\/p>\n<h3>Em 2011<\/h3>\n<p>No ano de&nbsp; 2011,&nbsp; o pr\u00e9dio da Unidade II foi&nbsp; ampliado com&nbsp; quatro novas salas de aula, laborat\u00f3rio de inform\u00e1tica e quadra de esportes.[\/vc_column_text][vc_column_text]<\/p>\n<h3><strong>Consolida\u00e7\u00e3o<\/strong><\/h3>\n<p>Desde 1979 sob a mesma dire\u00e7\u00e3o pedag\u00f3gica e no mesmo bairro, o col\u00e9gio consolidou-se como refer\u00eancia de ensino de elevado n\u00edvel.<\/p>\n<p>Atualmente nossos formandos do Ensino M\u00e9dio, ingressam nas melhores universidades e faculdades federais,&nbsp; estaduais e particulares. &nbsp;[\/vc_column_text][\/vc_column][\/vc_row][vc_row css=&#8221;.vc_custom_1502586192640{margin-bottom: 10px !important;background-color: rgba(0,0,0,0.05) !important;*background-color: rgb(0,0,0) !important;}&#8221;][vc_column][vc_column_text]<\/p>\n<h3>O Progresso<\/h3>\n<div class=\"vk_ans\"><span data-dobid=\"hdw\">progresso<\/span><\/div>\n<div class=\"vmod\">\n<div class=\"vmod\">\n<div class=\"lr_dct_sf_h\"><i>substantivo masculino<b>:<\/b><\/i><\/div>\n<ol class=\"lr_dct_sf_sens\">\n<li>\n<div class=\"vmod\">\n<div class=\"lr_dct_sf_sen vk_txt\">\n<div>\n<div class=\"_Jig\">\n<div data-dobid=\"dfn\">A\u00e7\u00e3o ou resultado de progredir.<\/div>\n<\/div>\n<\/div>\n<\/div>\n<\/div>\n<div class=\"vmod\">\n<div class=\"lr_dct_sf_sen vk_txt\">\n<div>Movimento para a frente; avan\u00e7o.<\/div>\n<div>&nbsp;<\/div>\n<div>&nbsp;<\/div>\n<\/div>\n<\/div>\n<\/li>\n<\/ol>\n<\/div>\n<\/div>\n<p>[\/vc_column_text][\/vc_column][\/vc_row][vc_row css=&#8221;.vc_custom_1437024531611{margin-bottom: 10px !important;}&#8221;][vc_column][vc_custom_heading text=&#8221;De onde vem o nome EDUCARE?&#8221; font_container=&#8221;tag:h3|text_align:left&#8221; google_fonts=&#8221;font_family:Montserrat%3Aregular%2C700|font_style:700%20bold%20regular%3A700%3Anormal&#8221;][vc_row_inner][vc_column_inner width=&#8221;1\/2&#8243;][vc_column_text]<\/p>\n<ul>\n<li>&nbsp; \u201cEducare\u201d vem do latim educare, que significa literalmente &#8220;conduzir para fora&#8221;.&nbsp; Preparar as pessoas para o mundo e viver em sociedade , ou seja, conduzi-las &#8221; para fora&#8221; de si mesmas, mostrando as diferen\u00e7as que existem no mundo.<\/li>\n<\/ul>\n<p>[\/vc_column_text][\/vc_column_inner][vc_column_inner width=&#8221;1\/2&#8243;][vc_column_text]<\/p>\n<ol>\n<li>Refere-se \u00e0 a\u00e7\u00e3o do docente sobre o discente, cujo objetivo centra-se no desenvolvimento mental e moral do educando, preparando-o, mediante instru\u00e7\u00e3o sistem\u00e1tica, para inserir-se na sociedade.<\/li>\n<\/ol>\n<p>[\/vc_column_text][\/vc_column_inner][\/vc_row_inner][vc_column_text]<\/p>\n<h2><strong>Depend\u00eancias<\/strong><\/h2>\n<p>Amplas salas de aula, Sala de Artes, P\u00e1tio Coberto e Descoberto, Quadra com diversos equipamentos e materiais de Educa\u00e7\u00e3o F\u00edsica, &nbsp;Playground, Sala de Proje\u00e7\u00e3o com Data Show, Laborat\u00f3rio de Inform\u00e1tica,&nbsp; Laborat\u00f3rio de Ci\u00eancias, com diversos equipamentos,&nbsp; Centro de Leitura com vasto acervo de livros, &nbsp;Cantina Escolar, Arm\u00e1rios Individuais, Elevador,&nbsp; Sanit\u00e1rio destinado a pessoas&nbsp; com necessidades especiais Sanit\u00e1rios e Bebedouros em todos os andares.[\/vc_column_text][vc_column_text]<\/p>\n<h3><strong>Material Did\u00e1tico: Livros Did\u00e1ticos de editoras consagradas. <\/strong><\/h3>\n<p>[\/vc_column_text][vc_column_text]<\/p>\n<h2><strong>Diferenciais<\/strong><\/h2>\n<p>[\/vc_column_text][vc_column_text]<\/p>\n<ul>\n<li>Programa Bil\u00edng\u00fce.<\/li>\n<li>&nbsp;Aulas de Ingl\u00eas &nbsp;diferenciadas, oferecendo ricas e produtivas experi\u00eancias na l\u00edngua inglesa.<\/li>\n<li>Professores capacitados e especializados em todos os cursos e n\u00edveis de ensino.<\/li>\n<li>Treinamento Esportivo Gratuito.<\/li>\n<li>Projetos Educacionais: Sarau da Leitura, Concursos, Campeonatos, Xadrez E Dama. &nbsp;<\/li>\n<li>&nbsp;Atividades Multidisciplinares: Comemora\u00e7\u00f5es, Eventos, Passeios e Festividades.<\/li>\n<li>&nbsp;Participa\u00e7\u00e3o nos Jogos Escolares de S\u00e3o&nbsp; Bernardo do Campo.<\/li>\n<li>&nbsp;Acompanhamento Pedag\u00f3gico&nbsp; Cont\u00ednuo e &nbsp;Refor\u00e7o Escolar.&nbsp;<\/li>\n<li>&nbsp;Atividade Extracurricular: Jud\u00f4, Dan\u00e7a Moderna&nbsp; e Nata\u00e7\u00e3o.<\/li>\n<li>Curso gratuito de Alfabetiza\u00e7\u00e3o de Adultos.<\/li>\n<\/ul>\n<p>[\/vc_column_text][\/vc_column][\/vc_row][vc_row][vc_column][vc_separator style=&#8221;dashed&#8221;][\/vc_column][\/vc_row][vc_row][vc_column width=&#8221;1\/3&#8243;][vc_custom_heading text=&#8221;ENSINO M\u00c9DIO&#8221; font_container=&#8221;tag:h3|text_align:left&#8221; google_fonts=&#8221;font_family:Montserrat%3Aregular%2C700|font_style:400%20regular%3A400%3Anormal&#8221;][vc_column_text]O Ensino M\u00e9dio tem por objetivo a consolida\u00e7\u00e3o e o aprofundamento dos conhecimentos adquiridos no Ensino Fundamental, possibilitando o prosseguimento de estudos.[\/vc_column_text][vc_btn title=&#8221;Leia Mais&#8221; style=&#8221;flat&#8221; shape=&#8221;round&#8221; color=&#8221;juicy-pink&#8221; link=&#8221;url:http%3A%2F%2Fwww.colegioseducare.com.br%2Fv4%2Fensino-medio-2%2F|title:Ensino%20M%C3%A9dio||&#8221;][\/vc_column][vc_column width=&#8221;1\/3&#8243;][vc_custom_heading text=&#8221;ENSINO FUNDAMENTAL&#8221; font_container=&#8221;tag:h3|text_align:left&#8221; google_fonts=&#8221;font_family:Montserrat%3Aregular%2C700|font_style:400%20regular%3A400%3Anormal&#8221;][vc_column_text]Saiba mais sobre a Educare na linha cronol\u00f3gica como foi o in\u00edcio e nossa trajet\u00f3ria, o porqu\u00ea do nome EDUCARE. Nossos alunos e colaboradores fazem parte desta hist\u00f3ria![\/vc_column_text][vc_btn title=&#8221;Leia Mais&#8221; shape=&#8221;round&#8221; color=&#8221;juicy-pink&#8221; link=&#8221;url:http%3A%2F%2Fwww.colegioseducare.com.br%2Fv4%2Fensino-fundamental-2%2F|title:Ensino%20Fundamental||&#8221;][\/vc_column][vc_column width=&#8221;1\/3&#8243;][vc_custom_heading text=&#8221;Miss\u00e3o do Col\u00e9gio Educare:&#8221; font_container=&#8221;tag:h3|text_align:left&#8221; google_fonts=&#8221;font_family:Montserrat%3Aregular%2C700|font_style:400%20regular%3A400%3Anormal&#8221;][vc_column_text]O Col\u00e9gio Educare visa proporcionar \u00e0 crian\u00e7a e pr\u00e9-adolescente, o saber sentir, o saber inovar, o saber refletir, o saber fazer, o saber ser cr\u00edtico e o saber ser \u00e9tico.[\/vc_column_text][vc_btn title=&#8221;Leia Mais&#8221; style=&#8221;flat&#8221; shape=&#8221;round&#8221; color=&#8221;juicy-pink&#8221; link=&#8221;url:http%3A%2F%2Fwww.colegioseducare.com.br%2Fv4%2Fmissaoevalores%2F|title:MISS%C3%83O%20Miss%C3%A3o%20e%20Valores||&#8221;][\/vc_column][\/vc_row]<\/p>\n","protected":false},"excerpt":{"rendered":"<p>[vc_row][vc_column width=&#8221;1\/2&#8243;][vc_column_text] O INICIO DA EDUCARE H\u00e1 42 anos, &nbsp;surgia um sonho de transmitir conhecimentos e valores, atrav\u00e9s da alegria e da vontade de aprender das crian\u00e7as. Surgiu assim,&nbsp; a Escola de Educa\u00e7\u00e3o Infantil&nbsp; Pitoquinho, no Bairro da Paulic\u00e9ia em S\u00e3o Bernardo do Campo.[\/vc_column_text][vc_column_text] Em maio de 1980 O col\u00e9gio mudou para a casa na [&hellip;]<\/p>\n","protected":false},"author":1,"featured_media":0,"parent":0,"menu_order":0,"comment_status":"closed","ping_status":"closed","template":"","meta":{"ngg_post_thumbnail":0},"_links":{"self":[{"href":"https:\/\/www.colegioseducare.com.br\/v4\/wp-json\/wp\/v2\/pages\/889"}],"collection":[{"href":"https:\/\/www.colegioseducare.com.br\/v4\/wp-json\/wp\/v2\/pages"}],"about":[{"href":"https:\/\/www.colegioseducare.com.br\/v4\/wp-json\/wp\/v2\/types\/page"}],"author":[{"embeddable":true,"href":"https:\/\/www.colegioseducare.com.br\/v4\/wp-json\/wp\/v2\/users\/1"}],"replies":[{"embeddable":true,"href":"https:\/\/www.colegioseducare.com.br\/v4\/wp-json\/wp\/v2\/comments?post=889"}],"version-history":[{"count":32,"href":"https:\/\/www.colegioseducare.com.br\/v4\/wp-json\/wp\/v2\/pages\/889\/revisions"}],"predecessor-version":[{"id":2157,"href":"https:\/\/www.colegioseducare.com.br\/v4\/wp-json\/wp\/v2\/pages\/889\/revisions\/2157"}],"wp:attachment":[{"href":"https:\/\/www.colegioseducare.com.br\/v4\/wp-json\/wp\/v2\/media?parent=889"}],"curies":[{"name":"wp","href":"https:\/\/api.w.org\/{rel}","templated":true}]}}